{"id":4090,"date":"2024-05-21T16:33:53","date_gmt":"2024-05-21T19:33:53","guid":{"rendered":"https:\/\/fmtrofeus.com.br\/loja\/?post_type=product&#038;p=4090"},"modified":"2024-05-21T16:33:53","modified_gmt":"2024-05-21T19:33:53","slug":"medalhas-em-acrilico-cristal-pintado-com-relevo","status":"publish","type":"product","link":"https:\/\/fmtrofeus.com.br\/loja\/product\/medalhas-em-acrilico-cristal-pintado-com-relevo\/","title":{"rendered":"Medalhas em acr\u00edlico cristal pintado com relevo"},"content":{"rendered":"<p>medalhas em acr\u00edlico cristal pintado com relevo em acr\u00edlico branco com impress\u00e3o e acr\u00edlico espelhado.<\/p>\n","protected":false},"excerpt":{"rendered":"<p>&nbsp;<\/p>\n<p>&nbsp;<\/p>\n","protected":false},"featured_media":4068,"template":"","meta":[],"pwb-brand":[107],"product_brand":[],"product_cat":[15,37],"product_tag":[109],"class_list":{"0":"post-4090","1":"product","2":"type-product","3":"status-publish","4":"has-post-thumbnail","6":"pwb-brand-acrilico","7":"product_cat-produtos","8":"product_cat-medalhas","9":"product_tag-placas","11":"first","12":"instock","13":"featured","14":"sold-individually","15":"shipping-taxable","16":"purchasable","17":"product-type-simple"},"brands":[{"id":107,"name":"Acr\u00edlico","slug":"acrilico"}],"_links":{"self":[{"href":"https:\/\/fmtrofeus.com.br\/loja\/wp-json\/wp\/v2\/product\/4090","targetHints":{"allow":["GET"]}}],"collection":[{"href":"https:\/\/fmtrofeus.com.br\/loja\/wp-json\/wp\/v2\/product"}],"about":[{"href":"https:\/\/fmtrofeus.com.br\/loja\/wp-json\/wp\/v2\/types\/product"}],"version-history":[{"count":1,"href":"https:\/\/fmtrofeus.com.br\/loja\/wp-json\/wp\/v2\/product\/4090\/revisions"}],"predecessor-version":[{"id":4091,"href":"https:\/\/fmtrofeus.com.br\/loja\/wp-json\/wp\/v2\/product\/4090\/revisions\/4091"}],"wp:featuredmedia":[{"embeddable":true,"href":"https:\/\/fmtrofeus.com.br\/loja\/wp-json\/wp\/v2\/media\/4068"}],"wp:attachment":[{"href":"https:\/\/fmtrofeus.com.br\/loja\/wp-json\/wp\/v2\/media?parent=4090"}],"wp:term":[{"taxonomy":"pwb-brand","embeddable":true,"href":"https:\/\/fmtrofeus.com.br\/loja\/wp-json\/wp\/v2\/pwb-brand?post=4090"},{"taxonomy":"product_brand","embeddable":true,"href":"https:\/\/fmtrofeus.com.br\/loja\/wp-json\/wp\/v2\/product_brand?post=4090"},{"taxonomy":"product_cat","embeddable":true,"href":"https:\/\/fmtrofeus.com.br\/loja\/wp-json\/wp\/v2\/product_cat?post=4090"},{"taxonomy":"product_tag","embeddable":true,"href":"https:\/\/fmtrofeus.com.br\/loja\/wp-json\/wp\/v2\/product_tag?post=4090"}],"curies":[{"name":"wp","href":"https:\/\/api.w.org\/{rel}","templated":true}]}}