{"id":4092,"date":"2024-05-21T16:34:46","date_gmt":"2024-05-21T19:34:46","guid":{"rendered":"https:\/\/fmtrofeus.com.br\/loja\/?post_type=product&#038;p=4092"},"modified":"2024-05-21T16:35:03","modified_gmt":"2024-05-21T19:35:03","slug":"medalhas-em-acrilico-cristal","status":"publish","type":"product","link":"https:\/\/fmtrofeus.com.br\/loja\/product\/medalhas-em-acrilico-cristal\/","title":{"rendered":"Medalhas em acr\u00edlico cristal"},"content":{"rendered":"<p>Medalha em acr\u00edlico cristal com Impress\u00e3o UV e Relevo dourado espelhado.<\/p>\n","protected":false},"excerpt":{"rendered":"<p>&nbsp;<\/p>\n<p>&nbsp;<\/p>\n","protected":false},"featured_media":4067,"template":"","meta":[],"pwb-brand":[107,112],"product_brand":[],"product_cat":[37,15],"product_tag":[109],"class_list":{"0":"post-4092","1":"product","2":"type-product","3":"status-publish","4":"has-post-thumbnail","6":"pwb-brand-acrilico","7":"pwb-brand-impressao-uv","8":"product_cat-medalhas","9":"product_cat-produtos","10":"product_tag-placas","12":"first","13":"instock","14":"featured","15":"sold-individually","16":"shipping-taxable","17":"purchasable","18":"product-type-simple"},"brands":[{"id":107,"name":"Acr\u00edlico","slug":"acrilico"},{"id":112,"name":"Impress\u00e3o UV","slug":"impressao-uv"}],"_links":{"self":[{"href":"https:\/\/fmtrofeus.com.br\/loja\/wp-json\/wp\/v2\/product\/4092","targetHints":{"allow":["GET"]}}],"collection":[{"href":"https:\/\/fmtrofeus.com.br\/loja\/wp-json\/wp\/v2\/product"}],"about":[{"href":"https:\/\/fmtrofeus.com.br\/loja\/wp-json\/wp\/v2\/types\/product"}],"version-history":[{"count":1,"href":"https:\/\/fmtrofeus.com.br\/loja\/wp-json\/wp\/v2\/product\/4092\/revisions"}],"predecessor-version":[{"id":4093,"href":"https:\/\/fmtrofeus.com.br\/loja\/wp-json\/wp\/v2\/product\/4092\/revisions\/4093"}],"wp:featuredmedia":[{"embeddable":true,"href":"https:\/\/fmtrofeus.com.br\/loja\/wp-json\/wp\/v2\/media\/4067"}],"wp:attachment":[{"href":"https:\/\/fmtrofeus.com.br\/loja\/wp-json\/wp\/v2\/media?parent=4092"}],"wp:term":[{"taxonomy":"pwb-brand","embeddable":true,"href":"https:\/\/fmtrofeus.com.br\/loja\/wp-json\/wp\/v2\/pwb-brand?post=4092"},{"taxonomy":"product_brand","embeddable":true,"href":"https:\/\/fmtrofeus.com.br\/loja\/wp-json\/wp\/v2\/product_brand?post=4092"},{"taxonomy":"product_cat","embeddable":true,"href":"https:\/\/fmtrofeus.com.br\/loja\/wp-json\/wp\/v2\/product_cat?post=4092"},{"taxonomy":"product_tag","embeddable":true,"href":"https:\/\/fmtrofeus.com.br\/loja\/wp-json\/wp\/v2\/product_tag?post=4092"}],"curies":[{"name":"wp","href":"https:\/\/api.w.org\/{rel}","templated":true}]}}