{"id":4113,"date":"2024-05-21T16:58:33","date_gmt":"2024-05-21T19:58:33","guid":{"rendered":"https:\/\/fmtrofeus.com.br\/loja\/?post_type=product&#038;p=4113"},"modified":"2024-05-21T16:58:34","modified_gmt":"2024-05-21T19:58:34","slug":"mini-trofeu-de-graduacao","status":"publish","type":"product","link":"https:\/\/fmtrofeus.com.br\/loja\/product\/mini-trofeu-de-graduacao\/","title":{"rendered":"Mini trof\u00e9u de gradua\u00e7\u00e3o"},"content":{"rendered":"<p>Trof\u00e9u em acr\u00edlico 3mm com aplica\u00e7\u00e3o da arte personalizada em adesivo resinado, base em EVA (tatame).<\/p>\n<p>Medidas- 14cm de altura X 7cm de largura<\/p>\n","protected":false},"excerpt":{"rendered":"<p>&nbsp;<\/p>\n<p>&nbsp;<\/p>\n","protected":false},"featured_media":4118,"template":"","meta":[],"pwb-brand":[107,116,117,112,111],"product_brand":[],"product_cat":[106,15],"product_tag":[113,114,115],"class_list":{"0":"post-4113","1":"product","2":"type-product","3":"status-publish","4":"has-post-thumbnail","6":"pwb-brand-acrilico","7":"pwb-brand-adesivado","8":"pwb-brand-eva","9":"pwb-brand-impressao-uv","10":"pwb-brand-resina","11":"product_cat-mini-trofeus","12":"product_cat-produtos","13":"product_tag-impressao-uv","14":"product_tag-mdf","15":"product_tag-trofeus","17":"first","18":"instock","19":"featured","20":"sold-individually","21":"shipping-taxable","22":"purchasable","23":"product-type-simple"},"brands":[{"id":107,"name":"Acr\u00edlico","slug":"acrilico"},{"id":116,"name":"Adesivado","slug":"adesivado"},{"id":117,"name":"EVA","slug":"eva"},{"id":112,"name":"Impress\u00e3o UV","slug":"impressao-uv"},{"id":111,"name":"Resina","slug":"resina"}],"_links":{"self":[{"href":"https:\/\/fmtrofeus.com.br\/loja\/wp-json\/wp\/v2\/product\/4113","targetHints":{"allow":["GET"]}}],"collection":[{"href":"https:\/\/fmtrofeus.com.br\/loja\/wp-json\/wp\/v2\/product"}],"about":[{"href":"https:\/\/fmtrofeus.com.br\/loja\/wp-json\/wp\/v2\/types\/product"}],"version-history":[{"count":1,"href":"https:\/\/fmtrofeus.com.br\/loja\/wp-json\/wp\/v2\/product\/4113\/revisions"}],"predecessor-version":[{"id":4122,"href":"https:\/\/fmtrofeus.com.br\/loja\/wp-json\/wp\/v2\/product\/4113\/revisions\/4122"}],"wp:featuredmedia":[{"embeddable":true,"href":"https:\/\/fmtrofeus.com.br\/loja\/wp-json\/wp\/v2\/media\/4118"}],"wp:attachment":[{"href":"https:\/\/fmtrofeus.com.br\/loja\/wp-json\/wp\/v2\/media?parent=4113"}],"wp:term":[{"taxonomy":"pwb-brand","embeddable":true,"href":"https:\/\/fmtrofeus.com.br\/loja\/wp-json\/wp\/v2\/pwb-brand?post=4113"},{"taxonomy":"product_brand","embeddable":true,"href":"https:\/\/fmtrofeus.com.br\/loja\/wp-json\/wp\/v2\/product_brand?post=4113"},{"taxonomy":"product_cat","embeddable":true,"href":"https:\/\/fmtrofeus.com.br\/loja\/wp-json\/wp\/v2\/product_cat?post=4113"},{"taxonomy":"product_tag","embeddable":true,"href":"https:\/\/fmtrofeus.com.br\/loja\/wp-json\/wp\/v2\/product_tag?post=4113"}],"curies":[{"name":"wp","href":"https:\/\/api.w.org\/{rel}","templated":true}]}}