{"id":4123,"date":"2024-05-21T17:00:45","date_gmt":"2024-05-21T20:00:45","guid":{"rendered":"https:\/\/fmtrofeus.com.br\/loja\/?post_type=product&#038;p=4123"},"modified":"2024-05-21T17:04:21","modified_gmt":"2024-05-21T20:04:21","slug":"trofeus-acrilico-3d","status":"publish","type":"product","link":"https:\/\/fmtrofeus.com.br\/loja\/product\/trofeus-acrilico-3d\/","title":{"rendered":"Trof\u00e9us acr\u00edlico 3D"},"content":{"rendered":"<p>Trof\u00e9us acr\u00edlico 3D<\/p>\n","protected":false},"excerpt":{"rendered":"<p>&nbsp;<\/p>\n<p>&nbsp;<\/p>\n","protected":false},"featured_media":4126,"template":"","meta":[],"pwb-brand":[120,107,116,117,112,111],"product_brand":[],"product_cat":[15,34],"product_tag":[113,114,115],"class_list":{"0":"post-4123","1":"product","2":"type-product","3":"status-publish","4":"has-post-thumbnail","6":"pwb-brand-3d","7":"pwb-brand-acrilico","8":"pwb-brand-adesivado","9":"pwb-brand-eva","10":"pwb-brand-impressao-uv","11":"pwb-brand-resina","12":"product_cat-produtos","13":"product_cat-trofeus","14":"product_tag-impressao-uv","15":"product_tag-mdf","16":"product_tag-trofeus","18":"first","19":"instock","20":"featured","21":"sold-individually","22":"shipping-taxable","23":"purchasable","24":"product-type-simple"},"brands":[{"id":120,"name":"3D","slug":"3d"},{"id":107,"name":"Acr\u00edlico","slug":"acrilico"},{"id":116,"name":"Adesivado","slug":"adesivado"},{"id":117,"name":"EVA","slug":"eva"},{"id":112,"name":"Impress\u00e3o UV","slug":"impressao-uv"},{"id":111,"name":"Resina","slug":"resina"}],"_links":{"self":[{"href":"https:\/\/fmtrofeus.com.br\/loja\/wp-json\/wp\/v2\/product\/4123","targetHints":{"allow":["GET"]}}],"collection":[{"href":"https:\/\/fmtrofeus.com.br\/loja\/wp-json\/wp\/v2\/product"}],"about":[{"href":"https:\/\/fmtrofeus.com.br\/loja\/wp-json\/wp\/v2\/types\/product"}],"version-history":[{"count":1,"href":"https:\/\/fmtrofeus.com.br\/loja\/wp-json\/wp\/v2\/product\/4123\/revisions"}],"predecessor-version":[{"id":4127,"href":"https:\/\/fmtrofeus.com.br\/loja\/wp-json\/wp\/v2\/product\/4123\/revisions\/4127"}],"wp:featuredmedia":[{"embeddable":true,"href":"https:\/\/fmtrofeus.com.br\/loja\/wp-json\/wp\/v2\/media\/4126"}],"wp:attachment":[{"href":"https:\/\/fmtrofeus.com.br\/loja\/wp-json\/wp\/v2\/media?parent=4123"}],"wp:term":[{"taxonomy":"pwb-brand","embeddable":true,"href":"https:\/\/fmtrofeus.com.br\/loja\/wp-json\/wp\/v2\/pwb-brand?post=4123"},{"taxonomy":"product_brand","embeddable":true,"href":"https:\/\/fmtrofeus.com.br\/loja\/wp-json\/wp\/v2\/product_brand?post=4123"},{"taxonomy":"product_cat","embeddable":true,"href":"https:\/\/fmtrofeus.com.br\/loja\/wp-json\/wp\/v2\/product_cat?post=4123"},{"taxonomy":"product_tag","embeddable":true,"href":"https:\/\/fmtrofeus.com.br\/loja\/wp-json\/wp\/v2\/product_tag?post=4123"}],"curies":[{"name":"wp","href":"https:\/\/api.w.org\/{rel}","templated":true}]}}