{"id":4362,"date":"2024-06-19T14:18:41","date_gmt":"2024-06-19T17:18:41","guid":{"rendered":"https:\/\/fmtrofeus.com.br\/loja\/?post_type=product&#038;p=4362"},"modified":"2024-06-19T14:18:41","modified_gmt":"2024-06-19T17:18:41","slug":"medalha-em-acrilico-com-impressao-uv-3","status":"publish","type":"product","link":"https:\/\/fmtrofeus.com.br\/loja\/product\/medalha-em-acrilico-com-impressao-uv-3\/","title":{"rendered":"Medalha em Acr\u00edlico com Impress\u00e3o UV 3"},"content":{"rendered":"<p>Medalha em acr\u00edlico personalizada com impress\u00e3o UV<\/p>\n","protected":false},"excerpt":{"rendered":"<p>Medalha em acr\u00edlico personalizada com impress\u00e3o UV<\/p>\n","protected":false},"featured_media":4363,"template":"","meta":[],"pwb-brand":[107,116,112],"product_brand":[],"product_cat":[33,37,15],"product_tag":[],"class_list":{"0":"post-4362","1":"product","2":"type-product","3":"status-publish","4":"has-post-thumbnail","6":"pwb-brand-acrilico","7":"pwb-brand-adesivado","8":"pwb-brand-impressao-uv","9":"product_cat-acessorios","10":"product_cat-medalhas","11":"product_cat-produtos","13":"first","14":"instock","15":"featured","16":"sold-individually","17":"shipping-taxable","18":"purchasable","19":"product-type-simple"},"brands":[{"id":107,"name":"Acr\u00edlico","slug":"acrilico"},{"id":116,"name":"Adesivado","slug":"adesivado"},{"id":112,"name":"Impress\u00e3o UV","slug":"impressao-uv"}],"_links":{"self":[{"href":"https:\/\/fmtrofeus.com.br\/loja\/wp-json\/wp\/v2\/product\/4362","targetHints":{"allow":["GET"]}}],"collection":[{"href":"https:\/\/fmtrofeus.com.br\/loja\/wp-json\/wp\/v2\/product"}],"about":[{"href":"https:\/\/fmtrofeus.com.br\/loja\/wp-json\/wp\/v2\/types\/product"}],"version-history":[{"count":1,"href":"https:\/\/fmtrofeus.com.br\/loja\/wp-json\/wp\/v2\/product\/4362\/revisions"}],"predecessor-version":[{"id":4365,"href":"https:\/\/fmtrofeus.com.br\/loja\/wp-json\/wp\/v2\/product\/4362\/revisions\/4365"}],"wp:featuredmedia":[{"embeddable":true,"href":"https:\/\/fmtrofeus.com.br\/loja\/wp-json\/wp\/v2\/media\/4363"}],"wp:attachment":[{"href":"https:\/\/fmtrofeus.com.br\/loja\/wp-json\/wp\/v2\/media?parent=4362"}],"wp:term":[{"taxonomy":"pwb-brand","embeddable":true,"href":"https:\/\/fmtrofeus.com.br\/loja\/wp-json\/wp\/v2\/pwb-brand?post=4362"},{"taxonomy":"product_brand","embeddable":true,"href":"https:\/\/fmtrofeus.com.br\/loja\/wp-json\/wp\/v2\/product_brand?post=4362"},{"taxonomy":"product_cat","embeddable":true,"href":"https:\/\/fmtrofeus.com.br\/loja\/wp-json\/wp\/v2\/product_cat?post=4362"},{"taxonomy":"product_tag","embeddable":true,"href":"https:\/\/fmtrofeus.com.br\/loja\/wp-json\/wp\/v2\/product_tag?post=4362"}],"curies":[{"name":"wp","href":"https:\/\/api.w.org\/{rel}","templated":true}]}}