{"id":4379,"date":"2024-06-19T15:36:49","date_gmt":"2024-06-19T18:36:49","guid":{"rendered":"https:\/\/fmtrofeus.com.br\/loja\/?post_type=product&#038;p=4379"},"modified":"2024-06-19T15:36:49","modified_gmt":"2024-06-19T18:36:49","slug":"trofeu-acrilico-impressao-uv-2","status":"publish","type":"product","link":"https:\/\/fmtrofeus.com.br\/loja\/product\/trofeu-acrilico-impressao-uv-2\/","title":{"rendered":"Trof\u00e9u Acr\u00edlico Impress\u00e3o UV 2"},"content":{"rendered":"<p>Trof\u00e9u em acr\u00edlico personalizado com impress\u00e3o UV<\/p>\n","protected":false},"excerpt":{"rendered":"<p>Trof\u00e9u em acr\u00edlico personalizado com impress\u00e3o UV<\/p>\n","protected":false},"featured_media":4380,"template":"","meta":[],"pwb-brand":[120,107,119,112],"product_brand":[],"product_cat":[15,34],"product_tag":[],"class_list":{"0":"post-4379","1":"product","2":"type-product","3":"status-publish","4":"has-post-thumbnail","6":"pwb-brand-3d","7":"pwb-brand-acrilico","8":"pwb-brand-corte-laser","9":"pwb-brand-impressao-uv","10":"product_cat-produtos","11":"product_cat-trofeus","13":"first","14":"instock","15":"featured","16":"sold-individually","17":"shipping-taxable","18":"purchasable","19":"product-type-simple"},"brands":[{"id":120,"name":"3D","slug":"3d"},{"id":107,"name":"Acr\u00edlico","slug":"acrilico"},{"id":119,"name":"Corte Laser","slug":"corte-laser"},{"id":112,"name":"Impress\u00e3o UV","slug":"impressao-uv"}],"_links":{"self":[{"href":"https:\/\/fmtrofeus.com.br\/loja\/wp-json\/wp\/v2\/product\/4379","targetHints":{"allow":["GET"]}}],"collection":[{"href":"https:\/\/fmtrofeus.com.br\/loja\/wp-json\/wp\/v2\/product"}],"about":[{"href":"https:\/\/fmtrofeus.com.br\/loja\/wp-json\/wp\/v2\/types\/product"}],"version-history":[{"count":1,"href":"https:\/\/fmtrofeus.com.br\/loja\/wp-json\/wp\/v2\/product\/4379\/revisions"}],"predecessor-version":[{"id":4382,"href":"https:\/\/fmtrofeus.com.br\/loja\/wp-json\/wp\/v2\/product\/4379\/revisions\/4382"}],"wp:featuredmedia":[{"embeddable":true,"href":"https:\/\/fmtrofeus.com.br\/loja\/wp-json\/wp\/v2\/media\/4380"}],"wp:attachment":[{"href":"https:\/\/fmtrofeus.com.br\/loja\/wp-json\/wp\/v2\/media?parent=4379"}],"wp:term":[{"taxonomy":"pwb-brand","embeddable":true,"href":"https:\/\/fmtrofeus.com.br\/loja\/wp-json\/wp\/v2\/pwb-brand?post=4379"},{"taxonomy":"product_brand","embeddable":true,"href":"https:\/\/fmtrofeus.com.br\/loja\/wp-json\/wp\/v2\/product_brand?post=4379"},{"taxonomy":"product_cat","embeddable":true,"href":"https:\/\/fmtrofeus.com.br\/loja\/wp-json\/wp\/v2\/product_cat?post=4379"},{"taxonomy":"product_tag","embeddable":true,"href":"https:\/\/fmtrofeus.com.br\/loja\/wp-json\/wp\/v2\/product_tag?post=4379"}],"curies":[{"name":"wp","href":"https:\/\/api.w.org\/{rel}","templated":true}]}}