{"id":4499,"date":"2024-07-22T13:36:04","date_gmt":"2024-07-22T16:36:04","guid":{"rendered":"https:\/\/fmtrofeus.com.br\/loja\/?post_type=product&#038;p=4499"},"modified":"2024-07-22T13:36:04","modified_gmt":"2024-07-22T16:36:04","slug":"trofeu-personalizado-base-mdf-com-placa-de-aluminio","status":"publish","type":"product","link":"https:\/\/fmtrofeus.com.br\/loja\/product\/trofeu-personalizado-base-mdf-com-placa-de-aluminio\/","title":{"rendered":"Trof\u00e9u Personalizado Base MDF com Placa de Alum\u00ednio"},"content":{"rendered":"<p>Trof\u00e9u personalizado com base de MDF e placa de alum\u00ednio.<\/p>\n","protected":false},"excerpt":{"rendered":"<p>Trof\u00e9u personalizado com base de MDF e placa de alum\u00ednio.<\/p>\n","protected":false},"featured_media":4500,"template":"","meta":[],"pwb-brand":[119,112,104],"product_brand":[],"product_cat":[32,36,65,15,34],"product_tag":[],"class_list":{"0":"post-4499","1":"product","2":"type-product","3":"status-publish","4":"has-post-thumbnail","6":"pwb-brand-corte-laser","7":"pwb-brand-impressao-uv","8":"pwb-brand-mdf","9":"product_cat-decoracoes","10":"product_cat-displays","11":"product_cat-kit-trofeus","12":"product_cat-produtos","13":"product_cat-trofeus","15":"first","16":"instock","17":"featured","18":"sold-individually","19":"shipping-taxable","20":"purchasable","21":"product-type-simple"},"brands":[{"id":119,"name":"Corte Laser","slug":"corte-laser"},{"id":112,"name":"Impress\u00e3o UV","slug":"impressao-uv"},{"id":104,"name":"MDF","slug":"mdf"}],"_links":{"self":[{"href":"https:\/\/fmtrofeus.com.br\/loja\/wp-json\/wp\/v2\/product\/4499","targetHints":{"allow":["GET"]}}],"collection":[{"href":"https:\/\/fmtrofeus.com.br\/loja\/wp-json\/wp\/v2\/product"}],"about":[{"href":"https:\/\/fmtrofeus.com.br\/loja\/wp-json\/wp\/v2\/types\/product"}],"version-history":[{"count":1,"href":"https:\/\/fmtrofeus.com.br\/loja\/wp-json\/wp\/v2\/product\/4499\/revisions"}],"predecessor-version":[{"id":4503,"href":"https:\/\/fmtrofeus.com.br\/loja\/wp-json\/wp\/v2\/product\/4499\/revisions\/4503"}],"wp:featuredmedia":[{"embeddable":true,"href":"https:\/\/fmtrofeus.com.br\/loja\/wp-json\/wp\/v2\/media\/4500"}],"wp:attachment":[{"href":"https:\/\/fmtrofeus.com.br\/loja\/wp-json\/wp\/v2\/media?parent=4499"}],"wp:term":[{"taxonomy":"pwb-brand","embeddable":true,"href":"https:\/\/fmtrofeus.com.br\/loja\/wp-json\/wp\/v2\/pwb-brand?post=4499"},{"taxonomy":"product_brand","embeddable":true,"href":"https:\/\/fmtrofeus.com.br\/loja\/wp-json\/wp\/v2\/product_brand?post=4499"},{"taxonomy":"product_cat","embeddable":true,"href":"https:\/\/fmtrofeus.com.br\/loja\/wp-json\/wp\/v2\/product_cat?post=4499"},{"taxonomy":"product_tag","embeddable":true,"href":"https:\/\/fmtrofeus.com.br\/loja\/wp-json\/wp\/v2\/product_tag?post=4499"}],"curies":[{"name":"wp","href":"https:\/\/api.w.org\/{rel}","templated":true}]}}