{"id":4536,"date":"2024-07-22T14:28:09","date_gmt":"2024-07-22T17:28:09","guid":{"rendered":"https:\/\/fmtrofeus.com.br\/loja\/?post_type=product&#038;p=4536"},"modified":"2024-07-22T14:28:09","modified_gmt":"2024-07-22T17:28:09","slug":"trofeu-acrilico-impressao-uv-com-placa-de-acrilico","status":"publish","type":"product","link":"https:\/\/fmtrofeus.com.br\/loja\/product\/trofeu-acrilico-impressao-uv-com-placa-de-acrilico\/","title":{"rendered":"Trof\u00e9u Acr\u00edlico Impress\u00e3o UV com Placa de Acr\u00edlico"},"content":{"rendered":"<p>Trof\u00e9u personalizado em acr\u00edlico com impress\u00e3o UV e placa de acr\u00edlico.<\/p>\n","protected":false},"excerpt":{"rendered":"<p>Trof\u00e9u personalizado em acr\u00edlico com impress\u00e3o UV e placa de acr\u00edlico.<\/p>\n","protected":false},"featured_media":4538,"template":"","meta":[],"pwb-brand":[107,119,112],"product_brand":[],"product_cat":[15,34],"product_tag":[],"class_list":{"0":"post-4536","1":"product","2":"type-product","3":"status-publish","4":"has-post-thumbnail","6":"pwb-brand-acrilico","7":"pwb-brand-corte-laser","8":"pwb-brand-impressao-uv","9":"product_cat-produtos","10":"product_cat-trofeus","12":"first","13":"instock","14":"featured","15":"sold-individually","16":"shipping-taxable","17":"purchasable","18":"product-type-simple"},"brands":[{"id":107,"name":"Acr\u00edlico","slug":"acrilico"},{"id":119,"name":"Corte Laser","slug":"corte-laser"},{"id":112,"name":"Impress\u00e3o UV","slug":"impressao-uv"}],"_links":{"self":[{"href":"https:\/\/fmtrofeus.com.br\/loja\/wp-json\/wp\/v2\/product\/4536","targetHints":{"allow":["GET"]}}],"collection":[{"href":"https:\/\/fmtrofeus.com.br\/loja\/wp-json\/wp\/v2\/product"}],"about":[{"href":"https:\/\/fmtrofeus.com.br\/loja\/wp-json\/wp\/v2\/types\/product"}],"version-history":[{"count":1,"href":"https:\/\/fmtrofeus.com.br\/loja\/wp-json\/wp\/v2\/product\/4536\/revisions"}],"predecessor-version":[{"id":4540,"href":"https:\/\/fmtrofeus.com.br\/loja\/wp-json\/wp\/v2\/product\/4536\/revisions\/4540"}],"wp:featuredmedia":[{"embeddable":true,"href":"https:\/\/fmtrofeus.com.br\/loja\/wp-json\/wp\/v2\/media\/4538"}],"wp:attachment":[{"href":"https:\/\/fmtrofeus.com.br\/loja\/wp-json\/wp\/v2\/media?parent=4536"}],"wp:term":[{"taxonomy":"pwb-brand","embeddable":true,"href":"https:\/\/fmtrofeus.com.br\/loja\/wp-json\/wp\/v2\/pwb-brand?post=4536"},{"taxonomy":"product_brand","embeddable":true,"href":"https:\/\/fmtrofeus.com.br\/loja\/wp-json\/wp\/v2\/product_brand?post=4536"},{"taxonomy":"product_cat","embeddable":true,"href":"https:\/\/fmtrofeus.com.br\/loja\/wp-json\/wp\/v2\/product_cat?post=4536"},{"taxonomy":"product_tag","embeddable":true,"href":"https:\/\/fmtrofeus.com.br\/loja\/wp-json\/wp\/v2\/product_tag?post=4536"}],"curies":[{"name":"wp","href":"https:\/\/api.w.org\/{rel}","templated":true}]}}