{"id":4542,"date":"2024-07-25T15:51:48","date_gmt":"2024-07-25T18:51:48","guid":{"rendered":"https:\/\/fmtrofeus.com.br\/loja\/?post_type=product&#038;p=4542"},"modified":"2024-07-25T15:51:49","modified_gmt":"2024-07-25T18:51:49","slug":"trofeu-acrilico-alto-relevo","status":"publish","type":"product","link":"https:\/\/fmtrofeus.com.br\/loja\/product\/trofeu-acrilico-alto-relevo\/","title":{"rendered":"Trof\u00e9u Acr\u00edlico Alto Relevo"},"content":{"rendered":"<p>Trof\u00e9u personalizado em acr\u00edlico com alto relevo e base de MDF revestida em PS.<\/p>\n","protected":false},"excerpt":{"rendered":"<p>Trof\u00e9u personalizado em acr\u00edlico com alto relevo e base de MDF revestida em PS.<\/p>\n","protected":false},"featured_media":4543,"template":"","meta":[],"pwb-brand":[107,119,104,110],"product_brand":[],"product_cat":[65,15,34],"product_tag":[],"class_list":{"0":"post-4542","1":"product","2":"type-product","3":"status-publish","4":"has-post-thumbnail","6":"pwb-brand-acrilico","7":"pwb-brand-corte-laser","8":"pwb-brand-mdf","9":"pwb-brand-ps","10":"product_cat-kit-trofeus","11":"product_cat-produtos","12":"product_cat-trofeus","14":"first","15":"instock","16":"featured","17":"sold-individually","18":"shipping-taxable","19":"purchasable","20":"product-type-simple"},"brands":[{"id":107,"name":"Acr\u00edlico","slug":"acrilico"},{"id":119,"name":"Corte Laser","slug":"corte-laser"},{"id":104,"name":"MDF","slug":"mdf"},{"id":110,"name":"PS","slug":"ps"}],"_links":{"self":[{"href":"https:\/\/fmtrofeus.com.br\/loja\/wp-json\/wp\/v2\/product\/4542","targetHints":{"allow":["GET"]}}],"collection":[{"href":"https:\/\/fmtrofeus.com.br\/loja\/wp-json\/wp\/v2\/product"}],"about":[{"href":"https:\/\/fmtrofeus.com.br\/loja\/wp-json\/wp\/v2\/types\/product"}],"version-history":[{"count":1,"href":"https:\/\/fmtrofeus.com.br\/loja\/wp-json\/wp\/v2\/product\/4542\/revisions"}],"predecessor-version":[{"id":4546,"href":"https:\/\/fmtrofeus.com.br\/loja\/wp-json\/wp\/v2\/product\/4542\/revisions\/4546"}],"wp:featuredmedia":[{"embeddable":true,"href":"https:\/\/fmtrofeus.com.br\/loja\/wp-json\/wp\/v2\/media\/4543"}],"wp:attachment":[{"href":"https:\/\/fmtrofeus.com.br\/loja\/wp-json\/wp\/v2\/media?parent=4542"}],"wp:term":[{"taxonomy":"pwb-brand","embeddable":true,"href":"https:\/\/fmtrofeus.com.br\/loja\/wp-json\/wp\/v2\/pwb-brand?post=4542"},{"taxonomy":"product_brand","embeddable":true,"href":"https:\/\/fmtrofeus.com.br\/loja\/wp-json\/wp\/v2\/product_brand?post=4542"},{"taxonomy":"product_cat","embeddable":true,"href":"https:\/\/fmtrofeus.com.br\/loja\/wp-json\/wp\/v2\/product_cat?post=4542"},{"taxonomy":"product_tag","embeddable":true,"href":"https:\/\/fmtrofeus.com.br\/loja\/wp-json\/wp\/v2\/product_tag?post=4542"}],"curies":[{"name":"wp","href":"https:\/\/api.w.org\/{rel}","templated":true}]}}