{"id":4561,"date":"2024-08-23T11:03:56","date_gmt":"2024-08-23T14:03:56","guid":{"rendered":"https:\/\/fmtrofeus.com.br\/loja\/?post_type=product&#038;p=4561"},"modified":"2024-08-23T11:03:56","modified_gmt":"2024-08-23T14:03:56","slug":"trofeu-acrilico-alto-relevo-com-base-mdf-2","status":"publish","type":"product","link":"https:\/\/fmtrofeus.com.br\/loja\/product\/trofeu-acrilico-alto-relevo-com-base-mdf-2\/","title":{"rendered":"Trof\u00e9u Acr\u00edlico Alto Relevo com Base MDF"},"content":{"rendered":"<p>Trof\u00e9u personalizado acr\u00edlico alto relevo com base de MDF.<\/p>\n","protected":false},"excerpt":{"rendered":"<p>Trof\u00e9u personalizado acr\u00edlico alto relevo com base de MDF.<\/p>\n","protected":false},"featured_media":4562,"template":"","meta":[],"pwb-brand":[107,119,112,104],"product_brand":[],"product_cat":[65,15,34],"product_tag":[],"class_list":{"0":"post-4561","1":"product","2":"type-product","3":"status-publish","4":"has-post-thumbnail","6":"pwb-brand-acrilico","7":"pwb-brand-corte-laser","8":"pwb-brand-impressao-uv","9":"pwb-brand-mdf","10":"product_cat-kit-trofeus","11":"product_cat-produtos","12":"product_cat-trofeus","14":"first","15":"instock","16":"featured","17":"sold-individually","18":"shipping-taxable","19":"purchasable","20":"product-type-simple"},"brands":[{"id":107,"name":"Acr\u00edlico","slug":"acrilico"},{"id":119,"name":"Corte Laser","slug":"corte-laser"},{"id":112,"name":"Impress\u00e3o UV","slug":"impressao-uv"},{"id":104,"name":"MDF","slug":"mdf"}],"_links":{"self":[{"href":"https:\/\/fmtrofeus.com.br\/loja\/wp-json\/wp\/v2\/product\/4561","targetHints":{"allow":["GET"]}}],"collection":[{"href":"https:\/\/fmtrofeus.com.br\/loja\/wp-json\/wp\/v2\/product"}],"about":[{"href":"https:\/\/fmtrofeus.com.br\/loja\/wp-json\/wp\/v2\/types\/product"}],"version-history":[{"count":1,"href":"https:\/\/fmtrofeus.com.br\/loja\/wp-json\/wp\/v2\/product\/4561\/revisions"}],"predecessor-version":[{"id":4564,"href":"https:\/\/fmtrofeus.com.br\/loja\/wp-json\/wp\/v2\/product\/4561\/revisions\/4564"}],"wp:featuredmedia":[{"embeddable":true,"href":"https:\/\/fmtrofeus.com.br\/loja\/wp-json\/wp\/v2\/media\/4562"}],"wp:attachment":[{"href":"https:\/\/fmtrofeus.com.br\/loja\/wp-json\/wp\/v2\/media?parent=4561"}],"wp:term":[{"taxonomy":"pwb-brand","embeddable":true,"href":"https:\/\/fmtrofeus.com.br\/loja\/wp-json\/wp\/v2\/pwb-brand?post=4561"},{"taxonomy":"product_brand","embeddable":true,"href":"https:\/\/fmtrofeus.com.br\/loja\/wp-json\/wp\/v2\/product_brand?post=4561"},{"taxonomy":"product_cat","embeddable":true,"href":"https:\/\/fmtrofeus.com.br\/loja\/wp-json\/wp\/v2\/product_cat?post=4561"},{"taxonomy":"product_tag","embeddable":true,"href":"https:\/\/fmtrofeus.com.br\/loja\/wp-json\/wp\/v2\/product_tag?post=4561"}],"curies":[{"name":"wp","href":"https:\/\/api.w.org\/{rel}","templated":true}]}}