{"id":4589,"date":"2024-09-20T14:02:44","date_gmt":"2024-09-20T17:02:44","guid":{"rendered":"https:\/\/fmtrofeus.com.br\/loja\/?post_type=product&#038;p=4589"},"modified":"2024-09-20T14:02:44","modified_gmt":"2024-09-20T17:02:44","slug":"trofeu-mdf-com-acrilico-espelhado-alto-relevo","status":"publish","type":"product","link":"https:\/\/fmtrofeus.com.br\/loja\/product\/trofeu-mdf-com-acrilico-espelhado-alto-relevo\/","title":{"rendered":"Trof\u00e9u MDF com Acr\u00edlico Espelhado Alto Relevo"},"content":{"rendered":"<p>Trof\u00e9u personalizado com base em MDF e acr\u00edlico, estrutura em MDF com alto relevo em acr\u00edlico espelhado e impress\u00e3o uv.<\/p>\n","protected":false},"excerpt":{"rendered":"<p>Trof\u00e9u personalizado com base em MDF e acr\u00edlico, estrutura em MDF com alto relevo em acr\u00edlico espelhado e impress\u00e3o uv.<\/p>\n","protected":false},"featured_media":4591,"template":"","meta":[],"pwb-brand":[120,107,119,112,104],"product_brand":[],"product_cat":[32,36,65,15,34],"product_tag":[],"class_list":{"0":"post-4589","1":"product","2":"type-product","3":"status-publish","4":"has-post-thumbnail","6":"pwb-brand-3d","7":"pwb-brand-acrilico","8":"pwb-brand-corte-laser","9":"pwb-brand-impressao-uv","10":"pwb-brand-mdf","11":"product_cat-decoracoes","12":"product_cat-displays","13":"product_cat-kit-trofeus","14":"product_cat-produtos","15":"product_cat-trofeus","17":"first","18":"instock","19":"featured","20":"sold-individually","21":"shipping-taxable","22":"purchasable","23":"product-type-simple"},"brands":[{"id":120,"name":"3D","slug":"3d"},{"id":107,"name":"Acr\u00edlico","slug":"acrilico"},{"id":119,"name":"Corte Laser","slug":"corte-laser"},{"id":112,"name":"Impress\u00e3o UV","slug":"impressao-uv"},{"id":104,"name":"MDF","slug":"mdf"}],"_links":{"self":[{"href":"https:\/\/fmtrofeus.com.br\/loja\/wp-json\/wp\/v2\/product\/4589","targetHints":{"allow":["GET"]}}],"collection":[{"href":"https:\/\/fmtrofeus.com.br\/loja\/wp-json\/wp\/v2\/product"}],"about":[{"href":"https:\/\/fmtrofeus.com.br\/loja\/wp-json\/wp\/v2\/types\/product"}],"version-history":[{"count":1,"href":"https:\/\/fmtrofeus.com.br\/loja\/wp-json\/wp\/v2\/product\/4589\/revisions"}],"predecessor-version":[{"id":4590,"href":"https:\/\/fmtrofeus.com.br\/loja\/wp-json\/wp\/v2\/product\/4589\/revisions\/4590"}],"wp:featuredmedia":[{"embeddable":true,"href":"https:\/\/fmtrofeus.com.br\/loja\/wp-json\/wp\/v2\/media\/4591"}],"wp:attachment":[{"href":"https:\/\/fmtrofeus.com.br\/loja\/wp-json\/wp\/v2\/media?parent=4589"}],"wp:term":[{"taxonomy":"pwb-brand","embeddable":true,"href":"https:\/\/fmtrofeus.com.br\/loja\/wp-json\/wp\/v2\/pwb-brand?post=4589"},{"taxonomy":"product_brand","embeddable":true,"href":"https:\/\/fmtrofeus.com.br\/loja\/wp-json\/wp\/v2\/product_brand?post=4589"},{"taxonomy":"product_cat","embeddable":true,"href":"https:\/\/fmtrofeus.com.br\/loja\/wp-json\/wp\/v2\/product_cat?post=4589"},{"taxonomy":"product_tag","embeddable":true,"href":"https:\/\/fmtrofeus.com.br\/loja\/wp-json\/wp\/v2\/product_tag?post=4589"}],"curies":[{"name":"wp","href":"https:\/\/api.w.org\/{rel}","templated":true}]}}