{"id":4605,"date":"2024-09-20T14:18:33","date_gmt":"2024-09-20T17:18:33","guid":{"rendered":"https:\/\/fmtrofeus.com.br\/loja\/?post_type=product&#038;p=4605"},"modified":"2024-09-20T14:18:34","modified_gmt":"2024-09-20T17:18:34","slug":"trofeu-acrilico-alto-relevo-com-impressao-uv-e-base-mdf","status":"publish","type":"product","link":"https:\/\/fmtrofeus.com.br\/loja\/product\/trofeu-acrilico-alto-relevo-com-impressao-uv-e-base-mdf\/","title":{"rendered":"Trof\u00e9u Acr\u00edlico Alto Relevo com Impress\u00e3o UV e Base MDF"},"content":{"rendered":"<p>Trof\u00e9u com acr\u00edlico alto relevo em camadas, impress\u00e3o UV e base em MDF.<\/p>\n","protected":false},"excerpt":{"rendered":"<p>Trof\u00e9u com acr\u00edlico alto relevo em camadas, impress\u00e3o UV e base em MDF.<\/p>\n","protected":false},"featured_media":4606,"template":"","meta":[],"pwb-brand":[120,107,119,112,104],"product_brand":[],"product_cat":[32,106,15,34],"product_tag":[],"class_list":{"0":"post-4605","1":"product","2":"type-product","3":"status-publish","4":"has-post-thumbnail","6":"pwb-brand-3d","7":"pwb-brand-acrilico","8":"pwb-brand-corte-laser","9":"pwb-brand-impressao-uv","10":"pwb-brand-mdf","11":"product_cat-decoracoes","12":"product_cat-mini-trofeus","13":"product_cat-produtos","14":"product_cat-trofeus","16":"first","17":"instock","18":"featured","19":"sold-individually","20":"shipping-taxable","21":"purchasable","22":"product-type-simple"},"brands":[{"id":120,"name":"3D","slug":"3d"},{"id":107,"name":"Acr\u00edlico","slug":"acrilico"},{"id":119,"name":"Corte Laser","slug":"corte-laser"},{"id":112,"name":"Impress\u00e3o UV","slug":"impressao-uv"},{"id":104,"name":"MDF","slug":"mdf"}],"_links":{"self":[{"href":"https:\/\/fmtrofeus.com.br\/loja\/wp-json\/wp\/v2\/product\/4605","targetHints":{"allow":["GET"]}}],"collection":[{"href":"https:\/\/fmtrofeus.com.br\/loja\/wp-json\/wp\/v2\/product"}],"about":[{"href":"https:\/\/fmtrofeus.com.br\/loja\/wp-json\/wp\/v2\/types\/product"}],"version-history":[{"count":1,"href":"https:\/\/fmtrofeus.com.br\/loja\/wp-json\/wp\/v2\/product\/4605\/revisions"}],"predecessor-version":[{"id":4608,"href":"https:\/\/fmtrofeus.com.br\/loja\/wp-json\/wp\/v2\/product\/4605\/revisions\/4608"}],"wp:featuredmedia":[{"embeddable":true,"href":"https:\/\/fmtrofeus.com.br\/loja\/wp-json\/wp\/v2\/media\/4606"}],"wp:attachment":[{"href":"https:\/\/fmtrofeus.com.br\/loja\/wp-json\/wp\/v2\/media?parent=4605"}],"wp:term":[{"taxonomy":"pwb-brand","embeddable":true,"href":"https:\/\/fmtrofeus.com.br\/loja\/wp-json\/wp\/v2\/pwb-brand?post=4605"},{"taxonomy":"product_brand","embeddable":true,"href":"https:\/\/fmtrofeus.com.br\/loja\/wp-json\/wp\/v2\/product_brand?post=4605"},{"taxonomy":"product_cat","embeddable":true,"href":"https:\/\/fmtrofeus.com.br\/loja\/wp-json\/wp\/v2\/product_cat?post=4605"},{"taxonomy":"product_tag","embeddable":true,"href":"https:\/\/fmtrofeus.com.br\/loja\/wp-json\/wp\/v2\/product_tag?post=4605"}],"curies":[{"name":"wp","href":"https:\/\/api.w.org\/{rel}","templated":true}]}}