{"id":4699,"date":"2024-10-02T14:20:28","date_gmt":"2024-10-02T17:20:28","guid":{"rendered":"https:\/\/fmtrofeus.com.br\/loja\/?post_type=product&#038;p=4699"},"modified":"2024-10-02T14:20:46","modified_gmt":"2024-10-02T17:20:46","slug":"medalha-em-acrilico-com-impressao-uv-e-fita-simples-3","status":"publish","type":"product","link":"https:\/\/fmtrofeus.com.br\/loja\/product\/medalha-em-acrilico-com-impressao-uv-e-fita-simples-3\/","title":{"rendered":"Medalha em Acr\u00edlico Com Impress\u00e3o UV e Fita Simples 3"},"content":{"rendered":"<p>Medalha em Acr\u00edlico Com Impress\u00e3o UV e Fita Simples.<\/p>\n","protected":false},"excerpt":{"rendered":"<p>Medalha em Acr\u00edlico Com Impress\u00e3o UV e Fita Simples.<\/p>\n","protected":false},"featured_media":4700,"template":"","meta":[],"pwb-brand":[107,119,112],"product_brand":[],"product_cat":[32,37,15],"product_tag":[],"class_list":{"0":"post-4699","1":"product","2":"type-product","3":"status-publish","4":"has-post-thumbnail","6":"pwb-brand-acrilico","7":"pwb-brand-corte-laser","8":"pwb-brand-impressao-uv","9":"product_cat-decoracoes","10":"product_cat-medalhas","11":"product_cat-produtos","13":"first","14":"instock","15":"featured","16":"sold-individually","17":"shipping-taxable","18":"purchasable","19":"product-type-simple"},"brands":[{"id":107,"name":"Acr\u00edlico","slug":"acrilico"},{"id":119,"name":"Corte Laser","slug":"corte-laser"},{"id":112,"name":"Impress\u00e3o UV","slug":"impressao-uv"}],"_links":{"self":[{"href":"https:\/\/fmtrofeus.com.br\/loja\/wp-json\/wp\/v2\/product\/4699","targetHints":{"allow":["GET"]}}],"collection":[{"href":"https:\/\/fmtrofeus.com.br\/loja\/wp-json\/wp\/v2\/product"}],"about":[{"href":"https:\/\/fmtrofeus.com.br\/loja\/wp-json\/wp\/v2\/types\/product"}],"version-history":[{"count":1,"href":"https:\/\/fmtrofeus.com.br\/loja\/wp-json\/wp\/v2\/product\/4699\/revisions"}],"predecessor-version":[{"id":4703,"href":"https:\/\/fmtrofeus.com.br\/loja\/wp-json\/wp\/v2\/product\/4699\/revisions\/4703"}],"wp:featuredmedia":[{"embeddable":true,"href":"https:\/\/fmtrofeus.com.br\/loja\/wp-json\/wp\/v2\/media\/4700"}],"wp:attachment":[{"href":"https:\/\/fmtrofeus.com.br\/loja\/wp-json\/wp\/v2\/media?parent=4699"}],"wp:term":[{"taxonomy":"pwb-brand","embeddable":true,"href":"https:\/\/fmtrofeus.com.br\/loja\/wp-json\/wp\/v2\/pwb-brand?post=4699"},{"taxonomy":"product_brand","embeddable":true,"href":"https:\/\/fmtrofeus.com.br\/loja\/wp-json\/wp\/v2\/product_brand?post=4699"},{"taxonomy":"product_cat","embeddable":true,"href":"https:\/\/fmtrofeus.com.br\/loja\/wp-json\/wp\/v2\/product_cat?post=4699"},{"taxonomy":"product_tag","embeddable":true,"href":"https:\/\/fmtrofeus.com.br\/loja\/wp-json\/wp\/v2\/product_tag?post=4699"}],"curies":[{"name":"wp","href":"https:\/\/api.w.org\/{rel}","templated":true}]}}