{"id":4893,"date":"2025-07-14T09:49:36","date_gmt":"2025-07-14T12:49:36","guid":{"rendered":"https:\/\/fmtrofeus.com.br\/loja\/?post_type=product&#038;p=4893"},"modified":"2025-08-18T12:32:09","modified_gmt":"2025-08-18T15:32:09","slug":"trofeu-acrilico-efeito-3d-com-relevo-espelhado-e-base-mdf","status":"publish","type":"product","link":"https:\/\/fmtrofeus.com.br\/loja\/product\/trofeu-acrilico-efeito-3d-com-relevo-espelhado-e-base-mdf\/","title":{"rendered":"Trof\u00e9u Acr\u00edlico Efeito 3D com Relevo Espelhado e Base MDF"},"content":{"rendered":"<p>Trof\u00e9u feito em acr\u00edlico com relevo em acr\u00edlico espelhado e efeito 3D com profundidade.<\/p>\n<p>Base feita em MDF com tira de acr\u00edlico.<\/p>\n","protected":false},"excerpt":{"rendered":"<p>Trof\u00e9u feito em acr\u00edlico com relevo em acr\u00edlico espelhado e efeito 3D com profundidade. Base feita em MDF com tira de acr\u00edlico.<\/p>\n","protected":false},"featured_media":4894,"template":"","meta":[],"pwb-brand":[120,107,119,112,104],"product_brand":[],"product_cat":[15,32,65,34],"product_tag":[],"class_list":{"0":"post-4893","1":"product","2":"type-product","3":"status-publish","4":"has-post-thumbnail","6":"pwb-brand-3d","7":"pwb-brand-acrilico","8":"pwb-brand-corte-laser","9":"pwb-brand-impressao-uv","10":"pwb-brand-mdf","11":"product_cat-produtos","12":"product_cat-decoracoes","13":"product_cat-kit-trofeus","14":"product_cat-trofeus","16":"first","17":"instock","18":"sold-individually","19":"shipping-taxable","20":"purchasable","21":"product-type-simple"},"brands":[{"id":120,"name":"3D","slug":"3d"},{"id":107,"name":"Acr\u00edlico","slug":"acrilico"},{"id":119,"name":"Corte Laser","slug":"corte-laser"},{"id":112,"name":"Impress\u00e3o UV","slug":"impressao-uv"},{"id":104,"name":"MDF","slug":"mdf"}],"_links":{"self":[{"href":"https:\/\/fmtrofeus.com.br\/loja\/wp-json\/wp\/v2\/product\/4893","targetHints":{"allow":["GET"]}}],"collection":[{"href":"https:\/\/fmtrofeus.com.br\/loja\/wp-json\/wp\/v2\/product"}],"about":[{"href":"https:\/\/fmtrofeus.com.br\/loja\/wp-json\/wp\/v2\/types\/product"}],"version-history":[{"count":1,"href":"https:\/\/fmtrofeus.com.br\/loja\/wp-json\/wp\/v2\/product\/4893\/revisions"}],"predecessor-version":[{"id":4898,"href":"https:\/\/fmtrofeus.com.br\/loja\/wp-json\/wp\/v2\/product\/4893\/revisions\/4898"}],"wp:featuredmedia":[{"embeddable":true,"href":"https:\/\/fmtrofeus.com.br\/loja\/wp-json\/wp\/v2\/media\/4894"}],"wp:attachment":[{"href":"https:\/\/fmtrofeus.com.br\/loja\/wp-json\/wp\/v2\/media?parent=4893"}],"wp:term":[{"taxonomy":"pwb-brand","embeddable":true,"href":"https:\/\/fmtrofeus.com.br\/loja\/wp-json\/wp\/v2\/pwb-brand?post=4893"},{"taxonomy":"product_brand","embeddable":true,"href":"https:\/\/fmtrofeus.com.br\/loja\/wp-json\/wp\/v2\/product_brand?post=4893"},{"taxonomy":"product_cat","embeddable":true,"href":"https:\/\/fmtrofeus.com.br\/loja\/wp-json\/wp\/v2\/product_cat?post=4893"},{"taxonomy":"product_tag","embeddable":true,"href":"https:\/\/fmtrofeus.com.br\/loja\/wp-json\/wp\/v2\/product_tag?post=4893"}],"curies":[{"name":"wp","href":"https:\/\/api.w.org\/{rel}","templated":true}]}}