{"id":4899,"date":"2025-07-14T09:58:06","date_gmt":"2025-07-14T12:58:06","guid":{"rendered":"https:\/\/fmtrofeus.com.br\/loja\/?post_type=product&#038;p=4899"},"modified":"2025-08-18T12:31:07","modified_gmt":"2025-08-18T15:31:07","slug":"trofeu-acrilico-relevo-espelhado-base-mdf-com-placa","status":"publish","type":"product","link":"https:\/\/fmtrofeus.com.br\/loja\/product\/trofeu-acrilico-relevo-espelhado-base-mdf-com-placa\/","title":{"rendered":"Trof\u00e9u Acr\u00edlico Relevo Espelhado Base MDF com Placa"},"content":{"rendered":"<p>Trof\u00e9u em acr\u00edlico com impress\u00e3o UV e relevo em acr\u00edlico espelhado com base em MDF com placa.<\/p>\n","protected":false},"excerpt":{"rendered":"<p>Trof\u00e9u em acr\u00edlico com impress\u00e3o UV e relevo em acr\u00edlico espelhado com base em MDF com placa.<\/p>\n","protected":false},"featured_media":4902,"template":"","meta":[],"pwb-brand":[107,119,112,104],"product_brand":[],"product_cat":[15,65,34],"product_tag":[],"class_list":{"0":"post-4899","1":"product","2":"type-product","3":"status-publish","4":"has-post-thumbnail","6":"pwb-brand-acrilico","7":"pwb-brand-corte-laser","8":"pwb-brand-impressao-uv","9":"pwb-brand-mdf","10":"product_cat-produtos","11":"product_cat-kit-trofeus","12":"product_cat-trofeus","14":"first","15":"instock","16":"sold-individually","17":"shipping-taxable","18":"purchasable","19":"product-type-simple"},"brands":[{"id":107,"name":"Acr\u00edlico","slug":"acrilico"},{"id":119,"name":"Corte Laser","slug":"corte-laser"},{"id":112,"name":"Impress\u00e3o UV","slug":"impressao-uv"},{"id":104,"name":"MDF","slug":"mdf"}],"_links":{"self":[{"href":"https:\/\/fmtrofeus.com.br\/loja\/wp-json\/wp\/v2\/product\/4899","targetHints":{"allow":["GET"]}}],"collection":[{"href":"https:\/\/fmtrofeus.com.br\/loja\/wp-json\/wp\/v2\/product"}],"about":[{"href":"https:\/\/fmtrofeus.com.br\/loja\/wp-json\/wp\/v2\/types\/product"}],"version-history":[{"count":1,"href":"https:\/\/fmtrofeus.com.br\/loja\/wp-json\/wp\/v2\/product\/4899\/revisions"}],"predecessor-version":[{"id":4903,"href":"https:\/\/fmtrofeus.com.br\/loja\/wp-json\/wp\/v2\/product\/4899\/revisions\/4903"}],"wp:featuredmedia":[{"embeddable":true,"href":"https:\/\/fmtrofeus.com.br\/loja\/wp-json\/wp\/v2\/media\/4902"}],"wp:attachment":[{"href":"https:\/\/fmtrofeus.com.br\/loja\/wp-json\/wp\/v2\/media?parent=4899"}],"wp:term":[{"taxonomy":"pwb-brand","embeddable":true,"href":"https:\/\/fmtrofeus.com.br\/loja\/wp-json\/wp\/v2\/pwb-brand?post=4899"},{"taxonomy":"product_brand","embeddable":true,"href":"https:\/\/fmtrofeus.com.br\/loja\/wp-json\/wp\/v2\/product_brand?post=4899"},{"taxonomy":"product_cat","embeddable":true,"href":"https:\/\/fmtrofeus.com.br\/loja\/wp-json\/wp\/v2\/product_cat?post=4899"},{"taxonomy":"product_tag","embeddable":true,"href":"https:\/\/fmtrofeus.com.br\/loja\/wp-json\/wp\/v2\/product_tag?post=4899"}],"curies":[{"name":"wp","href":"https:\/\/api.w.org\/{rel}","templated":true}]}}