{"id":4933,"date":"2025-07-14T11:44:58","date_gmt":"2025-07-14T14:44:58","guid":{"rendered":"https:\/\/fmtrofeus.com.br\/loja\/?post_type=product&#038;p=4933"},"modified":"2025-08-18T12:23:25","modified_gmt":"2025-08-18T15:23:25","slug":"placa-de-homenagem-em-acrilico-com-caixa-revestida-de-camursa","status":"publish","type":"product","link":"https:\/\/fmtrofeus.com.br\/loja\/product\/placa-de-homenagem-em-acrilico-com-caixa-revestida-de-camursa\/","title":{"rendered":"Placa de Homenagem em Acr\u00edlico com Caixa Revestida de Camursa"},"content":{"rendered":"<p>Placa de Homenagem em Acr\u00edlico com Impress\u00e3o UV e caixa de MDF revestida de camursa<\/p>\n","protected":false},"excerpt":{"rendered":"<p>Placa de Homenagem em Acr\u00edlico com Impress\u00e3o UV e caixa de MDF revestida de camursa<\/p>\n","protected":false},"featured_media":4934,"template":"","meta":[],"pwb-brand":[107,119,112],"product_brand":[],"product_cat":[15,32,108],"product_tag":[],"class_list":{"0":"post-4933","1":"product","2":"type-product","3":"status-publish","4":"has-post-thumbnail","6":"pwb-brand-acrilico","7":"pwb-brand-corte-laser","8":"pwb-brand-impressao-uv","9":"product_cat-produtos","10":"product_cat-decoracoes","11":"product_cat-placas","13":"first","14":"instock","15":"sold-individually","16":"shipping-taxable","17":"purchasable","18":"product-type-simple"},"brands":[{"id":107,"name":"Acr\u00edlico","slug":"acrilico"},{"id":119,"name":"Corte Laser","slug":"corte-laser"},{"id":112,"name":"Impress\u00e3o UV","slug":"impressao-uv"}],"_links":{"self":[{"href":"https:\/\/fmtrofeus.com.br\/loja\/wp-json\/wp\/v2\/product\/4933","targetHints":{"allow":["GET"]}}],"collection":[{"href":"https:\/\/fmtrofeus.com.br\/loja\/wp-json\/wp\/v2\/product"}],"about":[{"href":"https:\/\/fmtrofeus.com.br\/loja\/wp-json\/wp\/v2\/types\/product"}],"version-history":[{"count":3,"href":"https:\/\/fmtrofeus.com.br\/loja\/wp-json\/wp\/v2\/product\/4933\/revisions"}],"predecessor-version":[{"id":4937,"href":"https:\/\/fmtrofeus.com.br\/loja\/wp-json\/wp\/v2\/product\/4933\/revisions\/4937"}],"wp:featuredmedia":[{"embeddable":true,"href":"https:\/\/fmtrofeus.com.br\/loja\/wp-json\/wp\/v2\/media\/4934"}],"wp:attachment":[{"href":"https:\/\/fmtrofeus.com.br\/loja\/wp-json\/wp\/v2\/media?parent=4933"}],"wp:term":[{"taxonomy":"pwb-brand","embeddable":true,"href":"https:\/\/fmtrofeus.com.br\/loja\/wp-json\/wp\/v2\/pwb-brand?post=4933"},{"taxonomy":"product_brand","embeddable":true,"href":"https:\/\/fmtrofeus.com.br\/loja\/wp-json\/wp\/v2\/product_brand?post=4933"},{"taxonomy":"product_cat","embeddable":true,"href":"https:\/\/fmtrofeus.com.br\/loja\/wp-json\/wp\/v2\/product_cat?post=4933"},{"taxonomy":"product_tag","embeddable":true,"href":"https:\/\/fmtrofeus.com.br\/loja\/wp-json\/wp\/v2\/product_tag?post=4933"}],"curies":[{"name":"wp","href":"https:\/\/api.w.org\/{rel}","templated":true}]}}