{"id":4957,"date":"2025-07-14T13:45:25","date_gmt":"2025-07-14T16:45:25","guid":{"rendered":"https:\/\/fmtrofeus.com.br\/loja\/?post_type=product&#038;p=4957"},"modified":"2025-08-18T12:13:50","modified_gmt":"2025-08-18T15:13:50","slug":"trofeu-mdf-com-relevo-em-acrilico-e-base-com-placa","status":"publish","type":"product","link":"https:\/\/fmtrofeus.com.br\/loja\/product\/trofeu-mdf-com-relevo-em-acrilico-e-base-com-placa\/","title":{"rendered":"Trof\u00e9u MDF com Relevo em Acr\u00edlico e Base com Placa"},"content":{"rendered":"<p>Trof\u00e9u em MDF com relevo feito em acr\u00edlico e base em MDF com placa.<\/p>\n","protected":false},"excerpt":{"rendered":"<p>Trof\u00e9u em MDF com relevo feito em acr\u00edlico e base em MDF com placa.<\/p>\n","protected":false},"featured_media":4959,"template":"","meta":[],"pwb-brand":[120,107,119,112,104],"product_brand":[],"product_cat":[15,32,65,34],"product_tag":[],"class_list":{"0":"post-4957","1":"product","2":"type-product","3":"status-publish","4":"has-post-thumbnail","6":"pwb-brand-3d","7":"pwb-brand-acrilico","8":"pwb-brand-corte-laser","9":"pwb-brand-impressao-uv","10":"pwb-brand-mdf","11":"product_cat-produtos","12":"product_cat-decoracoes","13":"product_cat-kit-trofeus","14":"product_cat-trofeus","16":"first","17":"instock","18":"sold-individually","19":"shipping-taxable","20":"purchasable","21":"product-type-simple"},"brands":[{"id":120,"name":"3D","slug":"3d"},{"id":107,"name":"Acr\u00edlico","slug":"acrilico"},{"id":119,"name":"Corte Laser","slug":"corte-laser"},{"id":112,"name":"Impress\u00e3o UV","slug":"impressao-uv"},{"id":104,"name":"MDF","slug":"mdf"}],"_links":{"self":[{"href":"https:\/\/fmtrofeus.com.br\/loja\/wp-json\/wp\/v2\/product\/4957","targetHints":{"allow":["GET"]}}],"collection":[{"href":"https:\/\/fmtrofeus.com.br\/loja\/wp-json\/wp\/v2\/product"}],"about":[{"href":"https:\/\/fmtrofeus.com.br\/loja\/wp-json\/wp\/v2\/types\/product"}],"version-history":[{"count":2,"href":"https:\/\/fmtrofeus.com.br\/loja\/wp-json\/wp\/v2\/product\/4957\/revisions"}],"predecessor-version":[{"id":4961,"href":"https:\/\/fmtrofeus.com.br\/loja\/wp-json\/wp\/v2\/product\/4957\/revisions\/4961"}],"wp:featuredmedia":[{"embeddable":true,"href":"https:\/\/fmtrofeus.com.br\/loja\/wp-json\/wp\/v2\/media\/4959"}],"wp:attachment":[{"href":"https:\/\/fmtrofeus.com.br\/loja\/wp-json\/wp\/v2\/media?parent=4957"}],"wp:term":[{"taxonomy":"pwb-brand","embeddable":true,"href":"https:\/\/fmtrofeus.com.br\/loja\/wp-json\/wp\/v2\/pwb-brand?post=4957"},{"taxonomy":"product_brand","embeddable":true,"href":"https:\/\/fmtrofeus.com.br\/loja\/wp-json\/wp\/v2\/product_brand?post=4957"},{"taxonomy":"product_cat","embeddable":true,"href":"https:\/\/fmtrofeus.com.br\/loja\/wp-json\/wp\/v2\/product_cat?post=4957"},{"taxonomy":"product_tag","embeddable":true,"href":"https:\/\/fmtrofeus.com.br\/loja\/wp-json\/wp\/v2\/product_tag?post=4957"}],"curies":[{"name":"wp","href":"https:\/\/api.w.org\/{rel}","templated":true}]}}