{"id":4967,"date":"2025-07-14T14:18:10","date_gmt":"2025-07-14T17:18:10","guid":{"rendered":"https:\/\/fmtrofeus.com.br\/loja\/?post_type=product&#038;p=4967"},"modified":"2025-08-18T12:08:35","modified_gmt":"2025-08-18T15:08:35","slug":"trofeu-em-acrilico-com-impressao-uv-e-base-3d-em-acrilico","status":"publish","type":"product","link":"https:\/\/fmtrofeus.com.br\/loja\/product\/trofeu-em-acrilico-com-impressao-uv-e-base-3d-em-acrilico\/","title":{"rendered":"Trof\u00e9u em Acr\u00edlico com Impress\u00e3o UV e Base 3D em Acr\u00edlico"},"content":{"rendered":"<p>Trof\u00e9u personalizado com impress\u00e3o UV em acr\u00edlico e base 3D em acr\u00edlico dobrado.<\/p>\n","protected":false},"excerpt":{"rendered":"<p>Trof\u00e9u personalizado com impress\u00e3o UV em acr\u00edlico e base 3D em acr\u00edlico dobrado.<\/p>\n","protected":false},"featured_media":4971,"template":"","meta":[],"pwb-brand":[120,107,119,112],"product_brand":[],"product_cat":[15,32,65,34],"product_tag":[],"class_list":{"0":"post-4967","1":"product","2":"type-product","3":"status-publish","4":"has-post-thumbnail","6":"pwb-brand-3d","7":"pwb-brand-acrilico","8":"pwb-brand-corte-laser","9":"pwb-brand-impressao-uv","10":"product_cat-produtos","11":"product_cat-decoracoes","12":"product_cat-kit-trofeus","13":"product_cat-trofeus","15":"first","16":"instock","17":"sold-individually","18":"shipping-taxable","19":"purchasable","20":"product-type-simple"},"brands":[{"id":120,"name":"3D","slug":"3d"},{"id":107,"name":"Acr\u00edlico","slug":"acrilico"},{"id":119,"name":"Corte Laser","slug":"corte-laser"},{"id":112,"name":"Impress\u00e3o UV","slug":"impressao-uv"}],"_links":{"self":[{"href":"https:\/\/fmtrofeus.com.br\/loja\/wp-json\/wp\/v2\/product\/4967","targetHints":{"allow":["GET"]}}],"collection":[{"href":"https:\/\/fmtrofeus.com.br\/loja\/wp-json\/wp\/v2\/product"}],"about":[{"href":"https:\/\/fmtrofeus.com.br\/loja\/wp-json\/wp\/v2\/types\/product"}],"version-history":[{"count":1,"href":"https:\/\/fmtrofeus.com.br\/loja\/wp-json\/wp\/v2\/product\/4967\/revisions"}],"predecessor-version":[{"id":4972,"href":"https:\/\/fmtrofeus.com.br\/loja\/wp-json\/wp\/v2\/product\/4967\/revisions\/4972"}],"wp:featuredmedia":[{"embeddable":true,"href":"https:\/\/fmtrofeus.com.br\/loja\/wp-json\/wp\/v2\/media\/4971"}],"wp:attachment":[{"href":"https:\/\/fmtrofeus.com.br\/loja\/wp-json\/wp\/v2\/media?parent=4967"}],"wp:term":[{"taxonomy":"pwb-brand","embeddable":true,"href":"https:\/\/fmtrofeus.com.br\/loja\/wp-json\/wp\/v2\/pwb-brand?post=4967"},{"taxonomy":"product_brand","embeddable":true,"href":"https:\/\/fmtrofeus.com.br\/loja\/wp-json\/wp\/v2\/product_brand?post=4967"},{"taxonomy":"product_cat","embeddable":true,"href":"https:\/\/fmtrofeus.com.br\/loja\/wp-json\/wp\/v2\/product_cat?post=4967"},{"taxonomy":"product_tag","embeddable":true,"href":"https:\/\/fmtrofeus.com.br\/loja\/wp-json\/wp\/v2\/product_tag?post=4967"}],"curies":[{"name":"wp","href":"https:\/\/api.w.org\/{rel}","templated":true}]}}