{"id":5021,"date":"2025-07-15T14:17:43","date_gmt":"2025-07-15T17:17:43","guid":{"rendered":"https:\/\/fmtrofeus.com.br\/loja\/?post_type=product&#038;p=5021"},"modified":"2025-08-18T11:31:00","modified_gmt":"2025-08-18T14:31:00","slug":"placa-de-homenagem-inox-com-impressao-uv","status":"publish","type":"product","link":"https:\/\/fmtrofeus.com.br\/loja\/product\/placa-de-homenagem-inox-com-impressao-uv\/","title":{"rendered":"Placa de Homenagem Inox com Impress\u00e3o UV"},"content":{"rendered":"<p>Placa de homenagem eprsonalizada feita em a\u00e7o inox com impress\u00e3o UV.<br \/>\nCaixa feita de MDF revestido por camursa.<\/p>\n","protected":false},"excerpt":{"rendered":"<p>Placa de homenagem eprsonalizada feita em a\u00e7o inox com impress\u00e3o UV. Caixa feita de MDF revestido por camursa.<\/p>\n","protected":false},"featured_media":5023,"template":"","meta":[],"pwb-brand":[119,112],"product_brand":[],"product_cat":[15,32,36,108],"product_tag":[],"class_list":{"0":"post-5021","1":"product","2":"type-product","3":"status-publish","4":"has-post-thumbnail","6":"pwb-brand-corte-laser","7":"pwb-brand-impressao-uv","8":"product_cat-produtos","9":"product_cat-decoracoes","10":"product_cat-displays","11":"product_cat-placas","13":"first","14":"instock","15":"sold-individually","16":"shipping-taxable","17":"purchasable","18":"product-type-simple"},"brands":[{"id":119,"name":"Corte Laser","slug":"corte-laser"},{"id":112,"name":"Impress\u00e3o UV","slug":"impressao-uv"}],"_links":{"self":[{"href":"https:\/\/fmtrofeus.com.br\/loja\/wp-json\/wp\/v2\/product\/5021","targetHints":{"allow":["GET"]}}],"collection":[{"href":"https:\/\/fmtrofeus.com.br\/loja\/wp-json\/wp\/v2\/product"}],"about":[{"href":"https:\/\/fmtrofeus.com.br\/loja\/wp-json\/wp\/v2\/types\/product"}],"version-history":[{"count":1,"href":"https:\/\/fmtrofeus.com.br\/loja\/wp-json\/wp\/v2\/product\/5021\/revisions"}],"predecessor-version":[{"id":5024,"href":"https:\/\/fmtrofeus.com.br\/loja\/wp-json\/wp\/v2\/product\/5021\/revisions\/5024"}],"wp:featuredmedia":[{"embeddable":true,"href":"https:\/\/fmtrofeus.com.br\/loja\/wp-json\/wp\/v2\/media\/5023"}],"wp:attachment":[{"href":"https:\/\/fmtrofeus.com.br\/loja\/wp-json\/wp\/v2\/media?parent=5021"}],"wp:term":[{"taxonomy":"pwb-brand","embeddable":true,"href":"https:\/\/fmtrofeus.com.br\/loja\/wp-json\/wp\/v2\/pwb-brand?post=5021"},{"taxonomy":"product_brand","embeddable":true,"href":"https:\/\/fmtrofeus.com.br\/loja\/wp-json\/wp\/v2\/product_brand?post=5021"},{"taxonomy":"product_cat","embeddable":true,"href":"https:\/\/fmtrofeus.com.br\/loja\/wp-json\/wp\/v2\/product_cat?post=5021"},{"taxonomy":"product_tag","embeddable":true,"href":"https:\/\/fmtrofeus.com.br\/loja\/wp-json\/wp\/v2\/product_tag?post=5021"}],"curies":[{"name":"wp","href":"https:\/\/api.w.org\/{rel}","templated":true}]}}