{"id":5025,"date":"2025-07-15T14:22:17","date_gmt":"2025-07-15T17:22:17","guid":{"rendered":"https:\/\/fmtrofeus.com.br\/loja\/?post_type=product&#038;p=5025"},"modified":"2025-08-18T11:29:16","modified_gmt":"2025-08-18T14:29:16","slug":"trofeu-acrilico-com-relevo-espelhado-e-impressao-uv","status":"publish","type":"product","link":"https:\/\/fmtrofeus.com.br\/loja\/product\/trofeu-acrilico-com-relevo-espelhado-e-impressao-uv\/","title":{"rendered":"Trof\u00e9u Acr\u00edlico com Relevo Espelhado e Impress\u00e3o UV"},"content":{"rendered":"<p>Trof\u00e9u personalizado em acr\u00edlico com relevos espelhados e em acr\u00edlico colorido e impress\u00e3o UV.<br \/>\nBase em MDF.<\/p>\n","protected":false},"excerpt":{"rendered":"<p>Trof\u00e9u personalizado em acr\u00edlico com relevos espelhados e em acr\u00edlico colorido e impress\u00e3o UV. Base em MDF.<\/p>\n","protected":false},"featured_media":5027,"template":"","meta":[],"pwb-brand":[107,119,112,104],"product_brand":[],"product_cat":[15,32,65,34],"product_tag":[],"class_list":{"0":"post-5025","1":"product","2":"type-product","3":"status-publish","4":"has-post-thumbnail","6":"pwb-brand-acrilico","7":"pwb-brand-corte-laser","8":"pwb-brand-impressao-uv","9":"pwb-brand-mdf","10":"product_cat-produtos","11":"product_cat-decoracoes","12":"product_cat-kit-trofeus","13":"product_cat-trofeus","15":"first","16":"instock","17":"sold-individually","18":"shipping-taxable","19":"purchasable","20":"product-type-simple"},"brands":[{"id":107,"name":"Acr\u00edlico","slug":"acrilico"},{"id":119,"name":"Corte Laser","slug":"corte-laser"},{"id":112,"name":"Impress\u00e3o UV","slug":"impressao-uv"},{"id":104,"name":"MDF","slug":"mdf"}],"_links":{"self":[{"href":"https:\/\/fmtrofeus.com.br\/loja\/wp-json\/wp\/v2\/product\/5025","targetHints":{"allow":["GET"]}}],"collection":[{"href":"https:\/\/fmtrofeus.com.br\/loja\/wp-json\/wp\/v2\/product"}],"about":[{"href":"https:\/\/fmtrofeus.com.br\/loja\/wp-json\/wp\/v2\/types\/product"}],"version-history":[{"count":1,"href":"https:\/\/fmtrofeus.com.br\/loja\/wp-json\/wp\/v2\/product\/5025\/revisions"}],"predecessor-version":[{"id":5028,"href":"https:\/\/fmtrofeus.com.br\/loja\/wp-json\/wp\/v2\/product\/5025\/revisions\/5028"}],"wp:featuredmedia":[{"embeddable":true,"href":"https:\/\/fmtrofeus.com.br\/loja\/wp-json\/wp\/v2\/media\/5027"}],"wp:attachment":[{"href":"https:\/\/fmtrofeus.com.br\/loja\/wp-json\/wp\/v2\/media?parent=5025"}],"wp:term":[{"taxonomy":"pwb-brand","embeddable":true,"href":"https:\/\/fmtrofeus.com.br\/loja\/wp-json\/wp\/v2\/pwb-brand?post=5025"},{"taxonomy":"product_brand","embeddable":true,"href":"https:\/\/fmtrofeus.com.br\/loja\/wp-json\/wp\/v2\/product_brand?post=5025"},{"taxonomy":"product_cat","embeddable":true,"href":"https:\/\/fmtrofeus.com.br\/loja\/wp-json\/wp\/v2\/product_cat?post=5025"},{"taxonomy":"product_tag","embeddable":true,"href":"https:\/\/fmtrofeus.com.br\/loja\/wp-json\/wp\/v2\/product_tag?post=5025"}],"curies":[{"name":"wp","href":"https:\/\/api.w.org\/{rel}","templated":true}]}}