{"id":5029,"date":"2025-07-15T14:30:41","date_gmt":"2025-07-15T17:30:41","guid":{"rendered":"https:\/\/fmtrofeus.com.br\/loja\/?post_type=product&#038;p=5029"},"modified":"2025-08-18T11:03:08","modified_gmt":"2025-08-18T14:03:08","slug":"trofeu-acrilico-com-impressao-uv-e-base-personalizada","status":"publish","type":"product","link":"https:\/\/fmtrofeus.com.br\/loja\/product\/trofeu-acrilico-com-impressao-uv-e-base-personalizada\/","title":{"rendered":"Trof\u00e9u Acr\u00edlico com Impress\u00e3o UV e Base Personalizada"},"content":{"rendered":"<p>Trof\u00e9u personalizado em acr\u00edlico com detalhes em impress\u00e3o UV.<\/p>\n<p>Base em MDF revestido por acr\u00edlico com personaliza\u00e7\u00e3o por impress\u00e3o UV.<\/p>\n","protected":false},"excerpt":{"rendered":"<p>Trof\u00e9u personalizado em acr\u00edlico com detalhes em impress\u00e3o UV. Base em MDF revestido por acr\u00edlico com personaliza\u00e7\u00e3o por impress\u00e3o UV.<\/p>\n","protected":false},"featured_media":5030,"template":"","meta":[],"pwb-brand":[107,119,112,104],"product_brand":[],"product_cat":[15,34],"product_tag":[],"class_list":{"0":"post-5029","1":"product","2":"type-product","3":"status-publish","4":"has-post-thumbnail","6":"pwb-brand-acrilico","7":"pwb-brand-corte-laser","8":"pwb-brand-impressao-uv","9":"pwb-brand-mdf","10":"product_cat-produtos","11":"product_cat-trofeus","13":"first","14":"instock","15":"sold-individually","16":"shipping-taxable","17":"purchasable","18":"product-type-simple"},"brands":[{"id":107,"name":"Acr\u00edlico","slug":"acrilico"},{"id":119,"name":"Corte Laser","slug":"corte-laser"},{"id":112,"name":"Impress\u00e3o UV","slug":"impressao-uv"},{"id":104,"name":"MDF","slug":"mdf"}],"_links":{"self":[{"href":"https:\/\/fmtrofeus.com.br\/loja\/wp-json\/wp\/v2\/product\/5029","targetHints":{"allow":["GET"]}}],"collection":[{"href":"https:\/\/fmtrofeus.com.br\/loja\/wp-json\/wp\/v2\/product"}],"about":[{"href":"https:\/\/fmtrofeus.com.br\/loja\/wp-json\/wp\/v2\/types\/product"}],"version-history":[{"count":1,"href":"https:\/\/fmtrofeus.com.br\/loja\/wp-json\/wp\/v2\/product\/5029\/revisions"}],"predecessor-version":[{"id":5034,"href":"https:\/\/fmtrofeus.com.br\/loja\/wp-json\/wp\/v2\/product\/5029\/revisions\/5034"}],"wp:featuredmedia":[{"embeddable":true,"href":"https:\/\/fmtrofeus.com.br\/loja\/wp-json\/wp\/v2\/media\/5030"}],"wp:attachment":[{"href":"https:\/\/fmtrofeus.com.br\/loja\/wp-json\/wp\/v2\/media?parent=5029"}],"wp:term":[{"taxonomy":"pwb-brand","embeddable":true,"href":"https:\/\/fmtrofeus.com.br\/loja\/wp-json\/wp\/v2\/pwb-brand?post=5029"},{"taxonomy":"product_brand","embeddable":true,"href":"https:\/\/fmtrofeus.com.br\/loja\/wp-json\/wp\/v2\/product_brand?post=5029"},{"taxonomy":"product_cat","embeddable":true,"href":"https:\/\/fmtrofeus.com.br\/loja\/wp-json\/wp\/v2\/product_cat?post=5029"},{"taxonomy":"product_tag","embeddable":true,"href":"https:\/\/fmtrofeus.com.br\/loja\/wp-json\/wp\/v2\/product_tag?post=5029"}],"curies":[{"name":"wp","href":"https:\/\/api.w.org\/{rel}","templated":true}]}}