{"id":5035,"date":"2025-07-15T14:35:51","date_gmt":"2025-07-15T17:35:51","guid":{"rendered":"https:\/\/fmtrofeus.com.br\/loja\/?post_type=product&#038;p=5035"},"modified":"2025-08-18T11:01:49","modified_gmt":"2025-08-18T14:01:49","slug":"trofeu-acrilico-com-impressao-uv-e-base-com-placa","status":"publish","type":"product","link":"https:\/\/fmtrofeus.com.br\/loja\/product\/trofeu-acrilico-com-impressao-uv-e-base-com-placa\/","title":{"rendered":"Trof\u00e9u Acr\u00edlico com Impress\u00e3o UV e Base com Placa"},"content":{"rendered":"<p>Trof\u00e9u personalizado em acr\u00edlico com detalhes em impress\u00e3o UV.<\/p>\n<p>Base em MDF com placa personalizada.<\/p>\n","protected":false},"excerpt":{"rendered":"<p>Trof\u00e9u personalizado em acr\u00edlico com detalhes em impress\u00e3o UV. Base em MDF com placa personalizada.<\/p>\n","protected":false},"featured_media":5038,"template":"","meta":[],"pwb-brand":[107,112,104],"product_brand":[],"product_cat":[65,15,34],"product_tag":[],"class_list":{"0":"post-5035","1":"product","2":"type-product","3":"status-publish","4":"has-post-thumbnail","6":"pwb-brand-acrilico","7":"pwb-brand-impressao-uv","8":"pwb-brand-mdf","9":"product_cat-kit-trofeus","10":"product_cat-produtos","11":"product_cat-trofeus","13":"first","14":"instock","15":"sold-individually","16":"shipping-taxable","17":"purchasable","18":"product-type-simple"},"brands":[{"id":107,"name":"Acr\u00edlico","slug":"acrilico"},{"id":112,"name":"Impress\u00e3o UV","slug":"impressao-uv"},{"id":104,"name":"MDF","slug":"mdf"}],"_links":{"self":[{"href":"https:\/\/fmtrofeus.com.br\/loja\/wp-json\/wp\/v2\/product\/5035","targetHints":{"allow":["GET"]}}],"collection":[{"href":"https:\/\/fmtrofeus.com.br\/loja\/wp-json\/wp\/v2\/product"}],"about":[{"href":"https:\/\/fmtrofeus.com.br\/loja\/wp-json\/wp\/v2\/types\/product"}],"version-history":[{"count":1,"href":"https:\/\/fmtrofeus.com.br\/loja\/wp-json\/wp\/v2\/product\/5035\/revisions"}],"predecessor-version":[{"id":5039,"href":"https:\/\/fmtrofeus.com.br\/loja\/wp-json\/wp\/v2\/product\/5035\/revisions\/5039"}],"wp:featuredmedia":[{"embeddable":true,"href":"https:\/\/fmtrofeus.com.br\/loja\/wp-json\/wp\/v2\/media\/5038"}],"wp:attachment":[{"href":"https:\/\/fmtrofeus.com.br\/loja\/wp-json\/wp\/v2\/media?parent=5035"}],"wp:term":[{"taxonomy":"pwb-brand","embeddable":true,"href":"https:\/\/fmtrofeus.com.br\/loja\/wp-json\/wp\/v2\/pwb-brand?post=5035"},{"taxonomy":"product_brand","embeddable":true,"href":"https:\/\/fmtrofeus.com.br\/loja\/wp-json\/wp\/v2\/product_brand?post=5035"},{"taxonomy":"product_cat","embeddable":true,"href":"https:\/\/fmtrofeus.com.br\/loja\/wp-json\/wp\/v2\/product_cat?post=5035"},{"taxonomy":"product_tag","embeddable":true,"href":"https:\/\/fmtrofeus.com.br\/loja\/wp-json\/wp\/v2\/product_tag?post=5035"}],"curies":[{"name":"wp","href":"https:\/\/api.w.org\/{rel}","templated":true}]}}