{"id":5041,"date":"2025-07-16T12:23:19","date_gmt":"2025-07-16T15:23:19","guid":{"rendered":"https:\/\/fmtrofeus.com.br\/loja\/?post_type=product&#038;p=5041"},"modified":"2025-08-18T11:00:25","modified_gmt":"2025-08-18T14:00:25","slug":"trofeu-3d-com-impressao-uv-e-base-em-ps-polido","status":"publish","type":"product","link":"https:\/\/fmtrofeus.com.br\/loja\/product\/trofeu-3d-com-impressao-uv-e-base-em-ps-polido\/","title":{"rendered":"Trof\u00e9u 3D com Impress\u00e3o UV e Base em PS Polido"},"content":{"rendered":"<p>Trof\u00e9u personalizado feito em 3D com material 79% PLA (Termopl\u00e1stico biodegrad\u00e1vel) e 21% ABS (Termopl\u00e1stico de alta resist\u00eancia), com detalher feitos com impress\u00e3o UV.<\/p>\n<p>Base feita em PS polido.<\/p>\n","protected":false},"excerpt":{"rendered":"<p>Trof\u00e9u personalizado feito em 3D com material 79% PLA (Termopl\u00e1stico biodegrad\u00e1vel) e 21% ABS (Termopl\u00e1stico de alta resist\u00eancia), com detalher feitos com impress\u00e3o UV. Base feita em PS polido.<\/p>\n","protected":false},"featured_media":5042,"template":"","meta":[],"pwb-brand":[120,119,112,110],"product_brand":[],"product_cat":[15,32,36,65,34],"product_tag":[],"class_list":{"0":"post-5041","1":"product","2":"type-product","3":"status-publish","4":"has-post-thumbnail","6":"pwb-brand-3d","7":"pwb-brand-corte-laser","8":"pwb-brand-impressao-uv","9":"pwb-brand-ps","10":"product_cat-produtos","11":"product_cat-decoracoes","12":"product_cat-displays","13":"product_cat-kit-trofeus","14":"product_cat-trofeus","16":"first","17":"instock","18":"sold-individually","19":"shipping-taxable","20":"purchasable","21":"product-type-simple"},"brands":[{"id":120,"name":"3D","slug":"3d"},{"id":119,"name":"Corte Laser","slug":"corte-laser"},{"id":112,"name":"Impress\u00e3o UV","slug":"impressao-uv"},{"id":110,"name":"PS","slug":"ps"}],"_links":{"self":[{"href":"https:\/\/fmtrofeus.com.br\/loja\/wp-json\/wp\/v2\/product\/5041","targetHints":{"allow":["GET"]}}],"collection":[{"href":"https:\/\/fmtrofeus.com.br\/loja\/wp-json\/wp\/v2\/product"}],"about":[{"href":"https:\/\/fmtrofeus.com.br\/loja\/wp-json\/wp\/v2\/types\/product"}],"version-history":[{"count":1,"href":"https:\/\/fmtrofeus.com.br\/loja\/wp-json\/wp\/v2\/product\/5041\/revisions"}],"predecessor-version":[{"id":5047,"href":"https:\/\/fmtrofeus.com.br\/loja\/wp-json\/wp\/v2\/product\/5041\/revisions\/5047"}],"wp:featuredmedia":[{"embeddable":true,"href":"https:\/\/fmtrofeus.com.br\/loja\/wp-json\/wp\/v2\/media\/5042"}],"wp:attachment":[{"href":"https:\/\/fmtrofeus.com.br\/loja\/wp-json\/wp\/v2\/media?parent=5041"}],"wp:term":[{"taxonomy":"pwb-brand","embeddable":true,"href":"https:\/\/fmtrofeus.com.br\/loja\/wp-json\/wp\/v2\/pwb-brand?post=5041"},{"taxonomy":"product_brand","embeddable":true,"href":"https:\/\/fmtrofeus.com.br\/loja\/wp-json\/wp\/v2\/product_brand?post=5041"},{"taxonomy":"product_cat","embeddable":true,"href":"https:\/\/fmtrofeus.com.br\/loja\/wp-json\/wp\/v2\/product_cat?post=5041"},{"taxonomy":"product_tag","embeddable":true,"href":"https:\/\/fmtrofeus.com.br\/loja\/wp-json\/wp\/v2\/product_tag?post=5041"}],"curies":[{"name":"wp","href":"https:\/\/api.w.org\/{rel}","templated":true}]}}