{"id":5074,"date":"2025-07-16T15:22:30","date_gmt":"2025-07-16T18:22:30","guid":{"rendered":"https:\/\/fmtrofeus.com.br\/loja\/?post_type=product&#038;p=5074"},"modified":"2025-08-18T10:53:31","modified_gmt":"2025-08-18T13:53:31","slug":"trofeu-mdf-preto-com-relevo-espelhado","status":"publish","type":"product","link":"https:\/\/fmtrofeus.com.br\/loja\/product\/trofeu-mdf-preto-com-relevo-espelhado\/","title":{"rendered":"Trof\u00e9u MDF Preto com Relevo Espelhado"},"content":{"rendered":"<p>Trof\u00e9u personalizado feito em MDF preto com detalhes em relevo feito com acr\u00edlico espelhado dourado.<\/p>\n<p>Placa de acr\u00edlico cristal com detalhes em dourado feitos por impress\u00e3o UV.<\/p>\n<p>Base em MDF revestido por PS.<\/p>\n","protected":false},"excerpt":{"rendered":"<p>Trof\u00e9u personalizado feito em MDF preto com detalhes em relevo feito com acr\u00edlico espelhado dourado. Placa de acr\u00edlico cristal com detalhes em dourado feitos por impress\u00e3o UV. Base em MDF revestido por PS.<\/p>\n","protected":false},"featured_media":5076,"template":"","meta":[],"pwb-brand":[120,107,119,112,104],"product_brand":[],"product_cat":[15,32,36,65,34],"product_tag":[],"class_list":{"0":"post-5074","1":"product","2":"type-product","3":"status-publish","4":"has-post-thumbnail","6":"pwb-brand-3d","7":"pwb-brand-acrilico","8":"pwb-brand-corte-laser","9":"pwb-brand-impressao-uv","10":"pwb-brand-mdf","11":"product_cat-produtos","12":"product_cat-decoracoes","13":"product_cat-displays","14":"product_cat-kit-trofeus","15":"product_cat-trofeus","17":"first","18":"instock","19":"sold-individually","20":"shipping-taxable","21":"purchasable","22":"product-type-simple"},"brands":[{"id":120,"name":"3D","slug":"3d"},{"id":107,"name":"Acr\u00edlico","slug":"acrilico"},{"id":119,"name":"Corte Laser","slug":"corte-laser"},{"id":112,"name":"Impress\u00e3o UV","slug":"impressao-uv"},{"id":104,"name":"MDF","slug":"mdf"}],"_links":{"self":[{"href":"https:\/\/fmtrofeus.com.br\/loja\/wp-json\/wp\/v2\/product\/5074","targetHints":{"allow":["GET"]}}],"collection":[{"href":"https:\/\/fmtrofeus.com.br\/loja\/wp-json\/wp\/v2\/product"}],"about":[{"href":"https:\/\/fmtrofeus.com.br\/loja\/wp-json\/wp\/v2\/types\/product"}],"version-history":[{"count":1,"href":"https:\/\/fmtrofeus.com.br\/loja\/wp-json\/wp\/v2\/product\/5074\/revisions"}],"predecessor-version":[{"id":5079,"href":"https:\/\/fmtrofeus.com.br\/loja\/wp-json\/wp\/v2\/product\/5074\/revisions\/5079"}],"wp:featuredmedia":[{"embeddable":true,"href":"https:\/\/fmtrofeus.com.br\/loja\/wp-json\/wp\/v2\/media\/5076"}],"wp:attachment":[{"href":"https:\/\/fmtrofeus.com.br\/loja\/wp-json\/wp\/v2\/media?parent=5074"}],"wp:term":[{"taxonomy":"pwb-brand","embeddable":true,"href":"https:\/\/fmtrofeus.com.br\/loja\/wp-json\/wp\/v2\/pwb-brand?post=5074"},{"taxonomy":"product_brand","embeddable":true,"href":"https:\/\/fmtrofeus.com.br\/loja\/wp-json\/wp\/v2\/product_brand?post=5074"},{"taxonomy":"product_cat","embeddable":true,"href":"https:\/\/fmtrofeus.com.br\/loja\/wp-json\/wp\/v2\/product_cat?post=5074"},{"taxonomy":"product_tag","embeddable":true,"href":"https:\/\/fmtrofeus.com.br\/loja\/wp-json\/wp\/v2\/product_tag?post=5074"}],"curies":[{"name":"wp","href":"https:\/\/api.w.org\/{rel}","templated":true}]}}