{"id":5117,"date":"2025-07-17T10:14:29","date_gmt":"2025-07-17T13:14:29","guid":{"rendered":"https:\/\/fmtrofeus.com.br\/loja\/?post_type=product&#038;p=5117"},"modified":"2025-08-18T10:18:01","modified_gmt":"2025-08-18T13:18:01","slug":"trofeu-acrilico-cristal-com-impressao-uv-e-relevo-espelhado-2","status":"publish","type":"product","link":"https:\/\/fmtrofeus.com.br\/loja\/product\/trofeu-acrilico-cristal-com-impressao-uv-e-relevo-espelhado-2\/","title":{"rendered":"Trof\u00e9u Acr\u00edlico Cristal com Impress\u00e3o UV e Relevo Espelhado"},"content":{"rendered":"<p>Trof\u00e9u personalizado feito em acr\u00edlico cristal com detalhes de relevo em acr\u00edlico espelhado e impress\u00e3o UV.<\/p>\n<p>Base feita em MDF revestido com placa.<\/p>\n","protected":false},"excerpt":{"rendered":"<p>Trof\u00e9u personalizado feito em acr\u00edlico cristal com detalhes de relevo em acr\u00edlico espelhado e impress\u00e3o UV. Base feita em MDF revestido com placa.<\/p>\n","protected":false},"featured_media":5121,"template":"","meta":[],"pwb-brand":[107,119,112,104],"product_brand":[],"product_cat":[15,65,34],"product_tag":[],"class_list":{"0":"post-5117","1":"product","2":"type-product","3":"status-publish","4":"has-post-thumbnail","6":"pwb-brand-acrilico","7":"pwb-brand-corte-laser","8":"pwb-brand-impressao-uv","9":"pwb-brand-mdf","10":"product_cat-produtos","11":"product_cat-kit-trofeus","12":"product_cat-trofeus","14":"first","15":"instock","16":"sold-individually","17":"shipping-taxable","18":"purchasable","19":"product-type-simple"},"brands":[{"id":107,"name":"Acr\u00edlico","slug":"acrilico"},{"id":119,"name":"Corte Laser","slug":"corte-laser"},{"id":112,"name":"Impress\u00e3o UV","slug":"impressao-uv"},{"id":104,"name":"MDF","slug":"mdf"}],"_links":{"self":[{"href":"https:\/\/fmtrofeus.com.br\/loja\/wp-json\/wp\/v2\/product\/5117","targetHints":{"allow":["GET"]}}],"collection":[{"href":"https:\/\/fmtrofeus.com.br\/loja\/wp-json\/wp\/v2\/product"}],"about":[{"href":"https:\/\/fmtrofeus.com.br\/loja\/wp-json\/wp\/v2\/types\/product"}],"version-history":[{"count":1,"href":"https:\/\/fmtrofeus.com.br\/loja\/wp-json\/wp\/v2\/product\/5117\/revisions"}],"predecessor-version":[{"id":5122,"href":"https:\/\/fmtrofeus.com.br\/loja\/wp-json\/wp\/v2\/product\/5117\/revisions\/5122"}],"wp:featuredmedia":[{"embeddable":true,"href":"https:\/\/fmtrofeus.com.br\/loja\/wp-json\/wp\/v2\/media\/5121"}],"wp:attachment":[{"href":"https:\/\/fmtrofeus.com.br\/loja\/wp-json\/wp\/v2\/media?parent=5117"}],"wp:term":[{"taxonomy":"pwb-brand","embeddable":true,"href":"https:\/\/fmtrofeus.com.br\/loja\/wp-json\/wp\/v2\/pwb-brand?post=5117"},{"taxonomy":"product_brand","embeddable":true,"href":"https:\/\/fmtrofeus.com.br\/loja\/wp-json\/wp\/v2\/product_brand?post=5117"},{"taxonomy":"product_cat","embeddable":true,"href":"https:\/\/fmtrofeus.com.br\/loja\/wp-json\/wp\/v2\/product_cat?post=5117"},{"taxonomy":"product_tag","embeddable":true,"href":"https:\/\/fmtrofeus.com.br\/loja\/wp-json\/wp\/v2\/product_tag?post=5117"}],"curies":[{"name":"wp","href":"https:\/\/api.w.org\/{rel}","templated":true}]}}