{"id":5178,"date":"2025-07-18T12:06:46","date_gmt":"2025-07-18T15:06:46","guid":{"rendered":"https:\/\/fmtrofeus.com.br\/loja\/?post_type=product&#038;p=5178"},"modified":"2025-08-18T16:48:55","modified_gmt":"2025-08-18T19:48:55","slug":"trofeu-acrilico-espelhado-dourado-base-mdf","status":"publish","type":"product","link":"https:\/\/fmtrofeus.com.br\/loja\/product\/trofeu-acrilico-espelhado-dourado-base-mdf\/","title":{"rendered":"Trof\u00e9u Acr\u00edlico Espelhado Dourado Base MDF"},"content":{"rendered":"<p>Trof\u00e9u personalizado feito em acr\u00edlico espelhado dourado com detalhes feitos com impress\u00e3o UV.<\/p>\n<p>Base feita em MDF revestido com placa personalizada.<\/p>\n<p>As imagens mostradas s\u00e3o ilustrativas, personalizamos cada trabalho feito, sua solicita\u00e7\u00e3o ser\u00e1 criada com exclusividade!<\/p>\n","protected":false},"excerpt":{"rendered":"<p>Trof\u00e9u personalizado feito em acr\u00edlico espelhado dourado com detalhes feitos com impress\u00e3o UV. Base feita em MDF revestido com placa personalizada. As imagens mostradas s\u00e3o ilustrativas, personalizamos cada trabalho feito, sua solicita\u00e7\u00e3o ser\u00e1 criada com exclusividade!<\/p>\n","protected":false},"featured_media":5179,"template":"","meta":[],"pwb-brand":[107,119,112,104],"product_brand":[],"product_cat":[32,65,15,34],"product_tag":[],"class_list":{"0":"post-5178","1":"product","2":"type-product","3":"status-publish","4":"has-post-thumbnail","6":"pwb-brand-acrilico","7":"pwb-brand-corte-laser","8":"pwb-brand-impressao-uv","9":"pwb-brand-mdf","10":"product_cat-decoracoes","11":"product_cat-kit-trofeus","12":"product_cat-produtos","13":"product_cat-trofeus","15":"first","16":"instock","17":"sold-individually","18":"shipping-taxable","19":"purchasable","20":"product-type-simple"},"brands":[{"id":107,"name":"Acr\u00edlico","slug":"acrilico"},{"id":119,"name":"Corte Laser","slug":"corte-laser"},{"id":112,"name":"Impress\u00e3o UV","slug":"impressao-uv"},{"id":104,"name":"MDF","slug":"mdf"}],"_links":{"self":[{"href":"https:\/\/fmtrofeus.com.br\/loja\/wp-json\/wp\/v2\/product\/5178","targetHints":{"allow":["GET"]}}],"collection":[{"href":"https:\/\/fmtrofeus.com.br\/loja\/wp-json\/wp\/v2\/product"}],"about":[{"href":"https:\/\/fmtrofeus.com.br\/loja\/wp-json\/wp\/v2\/types\/product"}],"version-history":[{"count":3,"href":"https:\/\/fmtrofeus.com.br\/loja\/wp-json\/wp\/v2\/product\/5178\/revisions"}],"predecessor-version":[{"id":5316,"href":"https:\/\/fmtrofeus.com.br\/loja\/wp-json\/wp\/v2\/product\/5178\/revisions\/5316"}],"wp:featuredmedia":[{"embeddable":true,"href":"https:\/\/fmtrofeus.com.br\/loja\/wp-json\/wp\/v2\/media\/5179"}],"wp:attachment":[{"href":"https:\/\/fmtrofeus.com.br\/loja\/wp-json\/wp\/v2\/media?parent=5178"}],"wp:term":[{"taxonomy":"pwb-brand","embeddable":true,"href":"https:\/\/fmtrofeus.com.br\/loja\/wp-json\/wp\/v2\/pwb-brand?post=5178"},{"taxonomy":"product_brand","embeddable":true,"href":"https:\/\/fmtrofeus.com.br\/loja\/wp-json\/wp\/v2\/product_brand?post=5178"},{"taxonomy":"product_cat","embeddable":true,"href":"https:\/\/fmtrofeus.com.br\/loja\/wp-json\/wp\/v2\/product_cat?post=5178"},{"taxonomy":"product_tag","embeddable":true,"href":"https:\/\/fmtrofeus.com.br\/loja\/wp-json\/wp\/v2\/product_tag?post=5178"}],"curies":[{"name":"wp","href":"https:\/\/api.w.org\/{rel}","templated":true}]}}