{"id":5244,"date":"2025-08-14T12:11:14","date_gmt":"2025-08-14T15:11:14","guid":{"rendered":"https:\/\/fmtrofeus.com.br\/loja\/?post_type=product&#038;p=5244"},"modified":"2025-08-18T16:30:48","modified_gmt":"2025-08-18T19:30:48","slug":"placa-de-homenagem-plastico-metalizado","status":"publish","type":"product","link":"https:\/\/fmtrofeus.com.br\/loja\/product\/placa-de-homenagem-plastico-metalizado\/","title":{"rendered":"Placa de Homenagem Pl\u00e1stico Metalizado"},"content":{"rendered":"<p>Placa de homenagem personalizada em formato de &#8220;flor&#8221; feita em pl\u00e1stico metalizado, com relevo em acr\u00edlico preto e detalhes em impress\u00e3o UV dourada.<\/p>\n<p>Acompanha caixa feita em MDF revestido por camursa.<\/p>\n<p>As imagens mostradas s\u00e3o ilustrativas, personalizamos cada trabalho feito, sua solicita\u00e7\u00e3o ser\u00e1 criada com exclusividade!<\/p>\n","protected":false},"excerpt":{"rendered":"<p>Placa de homenagem personalizada em formato de &#8220;flor&#8221; feita em pl\u00e1stico metalizado, com relevo em acr\u00edlico preto e detalhes em impress\u00e3o UV dourada. Acompanha caixa feita em MDF revestido por camursa. As imagens mostradas s\u00e3o ilustrativas, personalizamos cada trabalho feito, sua solicita\u00e7\u00e3o ser\u00e1 criada com exclusividade!<\/p>\n","protected":false},"featured_media":5248,"template":"","meta":[],"pwb-brand":[120,107,119,112],"product_brand":[],"product_cat":[32,36,108,15,34],"product_tag":[],"class_list":{"0":"post-5244","1":"product","2":"type-product","3":"status-publish","4":"has-post-thumbnail","6":"pwb-brand-3d","7":"pwb-brand-acrilico","8":"pwb-brand-corte-laser","9":"pwb-brand-impressao-uv","10":"product_cat-decoracoes","11":"product_cat-displays","12":"product_cat-placas","13":"product_cat-produtos","14":"product_cat-trofeus","16":"first","17":"instock","18":"sold-individually","19":"shipping-taxable","20":"purchasable","21":"product-type-simple"},"brands":[{"id":120,"name":"3D","slug":"3d"},{"id":107,"name":"Acr\u00edlico","slug":"acrilico"},{"id":119,"name":"Corte Laser","slug":"corte-laser"},{"id":112,"name":"Impress\u00e3o UV","slug":"impressao-uv"}],"_links":{"self":[{"href":"https:\/\/fmtrofeus.com.br\/loja\/wp-json\/wp\/v2\/product\/5244","targetHints":{"allow":["GET"]}}],"collection":[{"href":"https:\/\/fmtrofeus.com.br\/loja\/wp-json\/wp\/v2\/product"}],"about":[{"href":"https:\/\/fmtrofeus.com.br\/loja\/wp-json\/wp\/v2\/types\/product"}],"version-history":[{"count":2,"href":"https:\/\/fmtrofeus.com.br\/loja\/wp-json\/wp\/v2\/product\/5244\/revisions"}],"predecessor-version":[{"id":5312,"href":"https:\/\/fmtrofeus.com.br\/loja\/wp-json\/wp\/v2\/product\/5244\/revisions\/5312"}],"wp:featuredmedia":[{"embeddable":true,"href":"https:\/\/fmtrofeus.com.br\/loja\/wp-json\/wp\/v2\/media\/5248"}],"wp:attachment":[{"href":"https:\/\/fmtrofeus.com.br\/loja\/wp-json\/wp\/v2\/media?parent=5244"}],"wp:term":[{"taxonomy":"pwb-brand","embeddable":true,"href":"https:\/\/fmtrofeus.com.br\/loja\/wp-json\/wp\/v2\/pwb-brand?post=5244"},{"taxonomy":"product_brand","embeddable":true,"href":"https:\/\/fmtrofeus.com.br\/loja\/wp-json\/wp\/v2\/product_brand?post=5244"},{"taxonomy":"product_cat","embeddable":true,"href":"https:\/\/fmtrofeus.com.br\/loja\/wp-json\/wp\/v2\/product_cat?post=5244"},{"taxonomy":"product_tag","embeddable":true,"href":"https:\/\/fmtrofeus.com.br\/loja\/wp-json\/wp\/v2\/product_tag?post=5244"}],"curies":[{"name":"wp","href":"https:\/\/api.w.org\/{rel}","templated":true}]}}