{"id":5273,"date":"2025-08-14T14:42:17","date_gmt":"2025-08-14T17:42:17","guid":{"rendered":"https:\/\/fmtrofeus.com.br\/loja\/?post_type=product&#038;p=5273"},"modified":"2025-08-18T16:06:52","modified_gmt":"2025-08-18T19:06:52","slug":"trofeu-mdf-preto-com-impressao-uv-2","status":"publish","type":"product","link":"https:\/\/fmtrofeus.com.br\/loja\/product\/trofeu-mdf-preto-com-impressao-uv-2\/","title":{"rendered":"Trof\u00e9u MDF Preto com Impress\u00e3o UV"},"content":{"rendered":"<p>Trof\u00e9u personalizado feito em MDF preto com detalhes em impress\u00e3o UV<\/p>\n<p>Base feita em MDF revestido com placa personalizada com impress\u00e3o UV.<\/p>\n<p>As imagens mostradas s\u00e3o ilustrativas, personalizamos cada trabalho feito, sua solicita\u00e7\u00e3o ser\u00e1 criada com exclusividade!<\/p>\n","protected":false},"excerpt":{"rendered":"<p>Trof\u00e9u personalizado feito em MDF preto com detalhes em impress\u00e3o UV Base feita em MDF revestido com placa personalizada com impress\u00e3o UV. As imagens mostradas s\u00e3o ilustrativas, personalizamos cada trabalho feito, sua solicita\u00e7\u00e3o ser\u00e1 criada com exclusividade!<\/p>\n","protected":false},"featured_media":5276,"template":"","meta":[],"pwb-brand":[116,119,112,104],"product_brand":[],"product_cat":[32,65,15,34],"product_tag":[],"class_list":{"0":"post-5273","1":"product","2":"type-product","3":"status-publish","4":"has-post-thumbnail","6":"pwb-brand-adesivado","7":"pwb-brand-corte-laser","8":"pwb-brand-impressao-uv","9":"pwb-brand-mdf","10":"product_cat-decoracoes","11":"product_cat-kit-trofeus","12":"product_cat-produtos","13":"product_cat-trofeus","15":"first","16":"instock","17":"sold-individually","18":"shipping-taxable","19":"purchasable","20":"product-type-simple"},"brands":[{"id":116,"name":"Adesivado","slug":"adesivado"},{"id":119,"name":"Corte Laser","slug":"corte-laser"},{"id":112,"name":"Impress\u00e3o UV","slug":"impressao-uv"},{"id":104,"name":"MDF","slug":"mdf"}],"_links":{"self":[{"href":"https:\/\/fmtrofeus.com.br\/loja\/wp-json\/wp\/v2\/product\/5273","targetHints":{"allow":["GET"]}}],"collection":[{"href":"https:\/\/fmtrofeus.com.br\/loja\/wp-json\/wp\/v2\/product"}],"about":[{"href":"https:\/\/fmtrofeus.com.br\/loja\/wp-json\/wp\/v2\/types\/product"}],"version-history":[{"count":2,"href":"https:\/\/fmtrofeus.com.br\/loja\/wp-json\/wp\/v2\/product\/5273\/revisions"}],"predecessor-version":[{"id":5306,"href":"https:\/\/fmtrofeus.com.br\/loja\/wp-json\/wp\/v2\/product\/5273\/revisions\/5306"}],"wp:featuredmedia":[{"embeddable":true,"href":"https:\/\/fmtrofeus.com.br\/loja\/wp-json\/wp\/v2\/media\/5276"}],"wp:attachment":[{"href":"https:\/\/fmtrofeus.com.br\/loja\/wp-json\/wp\/v2\/media?parent=5273"}],"wp:term":[{"taxonomy":"pwb-brand","embeddable":true,"href":"https:\/\/fmtrofeus.com.br\/loja\/wp-json\/wp\/v2\/pwb-brand?post=5273"},{"taxonomy":"product_brand","embeddable":true,"href":"https:\/\/fmtrofeus.com.br\/loja\/wp-json\/wp\/v2\/product_brand?post=5273"},{"taxonomy":"product_cat","embeddable":true,"href":"https:\/\/fmtrofeus.com.br\/loja\/wp-json\/wp\/v2\/product_cat?post=5273"},{"taxonomy":"product_tag","embeddable":true,"href":"https:\/\/fmtrofeus.com.br\/loja\/wp-json\/wp\/v2\/product_tag?post=5273"}],"curies":[{"name":"wp","href":"https:\/\/api.w.org\/{rel}","templated":true}]}}