{"id":5283,"date":"2025-08-15T11:05:58","date_gmt":"2025-08-15T14:05:58","guid":{"rendered":"https:\/\/fmtrofeus.com.br\/loja\/?post_type=product&#038;p=5283"},"modified":"2025-08-18T16:05:09","modified_gmt":"2025-08-18T19:05:09","slug":"trofeu-mdf-preto-com-relevo-dourado-espelhado","status":"publish","type":"product","link":"https:\/\/fmtrofeus.com.br\/loja\/product\/trofeu-mdf-preto-com-relevo-dourado-espelhado\/","title":{"rendered":"Trof\u00e9u MDF Preto com Relevo Dourado Espelhado"},"content":{"rendered":"<p>TRof\u00e9u personalizado feito em MDF preto com detalhes de relevo em acr\u00edlico espelhado e detalhes feitos em impress\u00e3o UV.<\/p>\n<p>Base dupla feita de MDF preto.<\/p>\n<p>As imagens mostradas s\u00e3o ilustrativas, personalizamos cada trabalho feito, sua solicita\u00e7\u00e3o ser\u00e1 criada com exclusividade!<\/p>\n","protected":false},"excerpt":{"rendered":"<p>TRof\u00e9u personalizado feito em MDF preto com detalhes de relevo em acr\u00edlico espelhado e detalhes feitos em impress\u00e3o UV. Base dupla feita de MDF preto. As imagens mostradas s\u00e3o ilustrativas, personalizamos cada trabalho feito, sua solicita\u00e7\u00e3o ser\u00e1 criada com exclusividade!<\/p>\n","protected":false},"featured_media":5287,"template":"","meta":[],"pwb-brand":[120,107,119,112,104],"product_brand":[],"product_cat":[65,15,34],"product_tag":[],"class_list":{"0":"post-5283","1":"product","2":"type-product","3":"status-publish","4":"has-post-thumbnail","6":"pwb-brand-3d","7":"pwb-brand-acrilico","8":"pwb-brand-corte-laser","9":"pwb-brand-impressao-uv","10":"pwb-brand-mdf","11":"product_cat-kit-trofeus","12":"product_cat-produtos","13":"product_cat-trofeus","15":"first","16":"instock","17":"sold-individually","18":"shipping-taxable","19":"purchasable","20":"product-type-simple"},"brands":[{"id":120,"name":"3D","slug":"3d"},{"id":107,"name":"Acr\u00edlico","slug":"acrilico"},{"id":119,"name":"Corte Laser","slug":"corte-laser"},{"id":112,"name":"Impress\u00e3o UV","slug":"impressao-uv"},{"id":104,"name":"MDF","slug":"mdf"}],"_links":{"self":[{"href":"https:\/\/fmtrofeus.com.br\/loja\/wp-json\/wp\/v2\/product\/5283","targetHints":{"allow":["GET"]}}],"collection":[{"href":"https:\/\/fmtrofeus.com.br\/loja\/wp-json\/wp\/v2\/product"}],"about":[{"href":"https:\/\/fmtrofeus.com.br\/loja\/wp-json\/wp\/v2\/types\/product"}],"version-history":[{"count":2,"href":"https:\/\/fmtrofeus.com.br\/loja\/wp-json\/wp\/v2\/product\/5283\/revisions"}],"predecessor-version":[{"id":5305,"href":"https:\/\/fmtrofeus.com.br\/loja\/wp-json\/wp\/v2\/product\/5283\/revisions\/5305"}],"wp:featuredmedia":[{"embeddable":true,"href":"https:\/\/fmtrofeus.com.br\/loja\/wp-json\/wp\/v2\/media\/5287"}],"wp:attachment":[{"href":"https:\/\/fmtrofeus.com.br\/loja\/wp-json\/wp\/v2\/media?parent=5283"}],"wp:term":[{"taxonomy":"pwb-brand","embeddable":true,"href":"https:\/\/fmtrofeus.com.br\/loja\/wp-json\/wp\/v2\/pwb-brand?post=5283"},{"taxonomy":"product_brand","embeddable":true,"href":"https:\/\/fmtrofeus.com.br\/loja\/wp-json\/wp\/v2\/product_brand?post=5283"},{"taxonomy":"product_cat","embeddable":true,"href":"https:\/\/fmtrofeus.com.br\/loja\/wp-json\/wp\/v2\/product_cat?post=5283"},{"taxonomy":"product_tag","embeddable":true,"href":"https:\/\/fmtrofeus.com.br\/loja\/wp-json\/wp\/v2\/product_tag?post=5283"}],"curies":[{"name":"wp","href":"https:\/\/api.w.org\/{rel}","templated":true}]}}