{"id":5290,"date":"2025-08-15T11:18:38","date_gmt":"2025-08-15T14:18:38","guid":{"rendered":"https:\/\/fmtrofeus.com.br\/loja\/?post_type=product&#038;p=5290"},"modified":"2025-08-18T16:02:27","modified_gmt":"2025-08-18T19:02:27","slug":"medalha-zamac-com-resina-liquida-e-banho-envelhecido","status":"publish","type":"product","link":"https:\/\/fmtrofeus.com.br\/loja\/product\/medalha-zamac-com-resina-liquida-e-banho-envelhecido\/","title":{"rendered":"Medalha Zamac com Resina L\u00edquida e Banho Envelhecido"},"content":{"rendered":"<p>Medalha personalizada feita em metal zamac com banhos em ouro\/prata\/bronze envelhecidos.<\/p>\n<p>Detalhes feitos com resina l\u00edquida.<\/p>\n<p>Fita personalizada de 3mm<\/p>\n<p>As imagens mostradas s\u00e3o ilustrativas, personalizamos cada trabalho feito, sua solicita\u00e7\u00e3o ser\u00e1 criada com exclusividade!<\/p>\n","protected":false},"excerpt":{"rendered":"<p>Medalha personalizada feita em metal zamac com banhos em ouro\/prata\/bronze envelhecidos. Detalhes feitos com resina l\u00edquida. Fita personalizada de 3mm As imagens mostradas s\u00e3o ilustrativas, personalizamos cada trabalho feito, sua solicita\u00e7\u00e3o ser\u00e1 criada com exclusividade!<\/p>\n","protected":false},"featured_media":5296,"template":"","meta":[],"pwb-brand":[120,111,105],"product_brand":[],"product_cat":[32,37,15],"product_tag":[],"class_list":{"0":"post-5290","1":"product","2":"type-product","3":"status-publish","4":"has-post-thumbnail","6":"pwb-brand-3d","7":"pwb-brand-resina","8":"pwb-brand-zamak","9":"product_cat-decoracoes","10":"product_cat-medalhas","11":"product_cat-produtos","13":"first","14":"instock","15":"sold-individually","16":"shipping-taxable","17":"purchasable","18":"product-type-simple"},"brands":[{"id":120,"name":"3D","slug":"3d"},{"id":111,"name":"Resina","slug":"resina"},{"id":105,"name":"Zamak","slug":"zamak"}],"_links":{"self":[{"href":"https:\/\/fmtrofeus.com.br\/loja\/wp-json\/wp\/v2\/product\/5290","targetHints":{"allow":["GET"]}}],"collection":[{"href":"https:\/\/fmtrofeus.com.br\/loja\/wp-json\/wp\/v2\/product"}],"about":[{"href":"https:\/\/fmtrofeus.com.br\/loja\/wp-json\/wp\/v2\/types\/product"}],"version-history":[{"count":3,"href":"https:\/\/fmtrofeus.com.br\/loja\/wp-json\/wp\/v2\/product\/5290\/revisions"}],"predecessor-version":[{"id":5304,"href":"https:\/\/fmtrofeus.com.br\/loja\/wp-json\/wp\/v2\/product\/5290\/revisions\/5304"}],"wp:featuredmedia":[{"embeddable":true,"href":"https:\/\/fmtrofeus.com.br\/loja\/wp-json\/wp\/v2\/media\/5296"}],"wp:attachment":[{"href":"https:\/\/fmtrofeus.com.br\/loja\/wp-json\/wp\/v2\/media?parent=5290"}],"wp:term":[{"taxonomy":"pwb-brand","embeddable":true,"href":"https:\/\/fmtrofeus.com.br\/loja\/wp-json\/wp\/v2\/pwb-brand?post=5290"},{"taxonomy":"product_brand","embeddable":true,"href":"https:\/\/fmtrofeus.com.br\/loja\/wp-json\/wp\/v2\/product_brand?post=5290"},{"taxonomy":"product_cat","embeddable":true,"href":"https:\/\/fmtrofeus.com.br\/loja\/wp-json\/wp\/v2\/product_cat?post=5290"},{"taxonomy":"product_tag","embeddable":true,"href":"https:\/\/fmtrofeus.com.br\/loja\/wp-json\/wp\/v2\/product_tag?post=5290"}],"curies":[{"name":"wp","href":"https:\/\/api.w.org\/{rel}","templated":true}]}}